{"id":1162,"date":"2024-09-11T14:23:49","date_gmt":"2024-09-11T14:23:49","guid":{"rendered":"https:\/\/fasokele.org\/?page_id=1162"},"modified":"2024-09-11T15:20:18","modified_gmt":"2024-09-11T15:20:18","slug":"oeko-kunst-dorf-kurukanfuwa","status":"publish","type":"page","link":"https:\/\/fasokele.org\/?page_id=1162","title":{"rendered":"\u00d6ko-Kunst-Dorf Kurukanfuwa"},"content":{"rendered":"<p><\/p>\n<p align=\"JUSTIFY\"><a href=\"http:\/\/www.fasokele.org\/wp-content\/uploads\/2016\/06\/Dorfbild-vom-Berg-e1494448881412.jpg\"><img decoding=\"async\" loading=\"lazy\" class=\"wp-image-885 aligncenter\" src=\"http:\/\/www.fasokele.org\/wp-content\/uploads\/2016\/06\/Dorfbild-vom-Berg-e1494448881412-1024x634.jpg\" alt=\"\" width=\"404\" height=\"250\" srcset=\"https:\/\/fasokele.org\/wp-content\/uploads\/2016\/06\/Dorfbild-vom-Berg-e1494448881412-1024x634.jpg 1024w, https:\/\/fasokele.org\/wp-content\/uploads\/2016\/06\/Dorfbild-vom-Berg-e1494448881412-300x186.jpg 300w, https:\/\/fasokele.org\/wp-content\/uploads\/2016\/06\/Dorfbild-vom-Berg-e1494448881412.jpg 1542w\" sizes=\"(max-width: 404px) 100vw, 404px\" \/><\/a>Um unserem Wunsch nach einem selbstbestimmten und autarken Leben nachzugehen, sowie eine bessere und gerechtere Welt selbst zu praktizieren, haben wir beschlossen in Guinea (Conakry) ein \u00f6kologisches K\u00fcnstlerInnen-Dorf aufzubauen. Dies soll prinzipiell allen interessierten Menschen die M\u00f6glichkeit bieten in einer Solidargemeinschaft zusammen zu leben und sich in die jeweiligen Bereiche einzubringen; sei es bei kreativen k\u00fcnstlerischen Prozessen, bei handwerklichen T\u00e4tigkeiten, bei landwirtschaftlichen Arbeiten oder bei gesundheitlichen und bildenden Besch\u00e4ftigungen. Nat\u00fcrliche, umweltvertr\u00e4gliche und nachhaltige Faktoren spielen dabei eine wesentliche Rolle.<\/p>\n<p align=\"JUSTIFY\"><a href=\"http:\/\/www.fasokele.org\/wp-content\/uploads\/2016\/06\/1-Bananen-Palmen.jpg\" target=\"_blank\" rel=\"noopener\"><img decoding=\"async\" loading=\"lazy\" class=\" wp-image-661 alignnone\" src=\"http:\/\/www.fasokele.org\/wp-content\/uploads\/2016\/06\/1-Bananen-Palmen.jpg\" alt=\"Bananen, Palmen\" width=\"198\" height=\"149\" srcset=\"https:\/\/fasokele.org\/wp-content\/uploads\/2016\/06\/1-Bananen-Palmen.jpg 778w, https:\/\/fasokele.org\/wp-content\/uploads\/2016\/06\/1-Bananen-Palmen-300x225.jpg 300w\" sizes=\"(max-width: 198px) 100vw, 198px\" \/><\/a><a href=\"http:\/\/www.fasokele.org\/wp-content\/uploads\/2016\/06\/1-konspirative-Sitzung.jpg\" target=\"_blank\" rel=\"noopener\"><img decoding=\"async\" loading=\"lazy\" class=\"wp-image-662 alignnone\" src=\"http:\/\/www.fasokele.org\/wp-content\/uploads\/2016\/06\/1-konspirative-Sitzung.jpg\" alt=\"konspirative Sitzung\" width=\"198\" height=\"149\" srcset=\"https:\/\/fasokele.org\/wp-content\/uploads\/2016\/06\/1-konspirative-Sitzung.jpg 778w, https:\/\/fasokele.org\/wp-content\/uploads\/2016\/06\/1-konspirative-Sitzung-300x225.jpg 300w\" sizes=\"(max-width: 198px) 100vw, 198px\" \/><\/a> <a href=\"http:\/\/www.fasokele.org\/wp-content\/uploads\/2016\/06\/1-Leute-auf-Fels.jpg\" target=\"_blank\" rel=\"noopener\"><img decoding=\"async\" loading=\"lazy\" class=\" wp-image-663 alignnone\" src=\"http:\/\/www.fasokele.org\/wp-content\/uploads\/2016\/06\/1-Leute-auf-Fels.jpg\" alt=\"Leute auf Fels\" width=\"195\" height=\"147\" srcset=\"https:\/\/fasokele.org\/wp-content\/uploads\/2016\/06\/1-Leute-auf-Fels.jpg 778w, https:\/\/fasokele.org\/wp-content\/uploads\/2016\/06\/1-Leute-auf-Fels-300x225.jpg 300w\" sizes=\"(max-width: 195px) 100vw, 195px\" \/>\u00a0\u00a0 <\/a><a href=\"http:\/\/www.fasokele.org\/wp-content\/uploads\/2016\/06\/1-Bachlauf.jpg\" target=\"_blank\" rel=\"noopener\"><img decoding=\"async\" loading=\"lazy\" class=\"wp-image-664 alignnone\" src=\"http:\/\/www.fasokele.org\/wp-content\/uploads\/2016\/06\/1-Bachlauf.jpg\" alt=\"Bachlauf\" width=\"194\" height=\"145\" srcset=\"https:\/\/fasokele.org\/wp-content\/uploads\/2016\/06\/1-Bachlauf.jpg 778w, https:\/\/fasokele.org\/wp-content\/uploads\/2016\/06\/1-Bachlauf-300x225.jpg 300w\" sizes=\"(max-width: 194px) 100vw, 194px\" \/><\/a><\/p>\n<p align=\"JUSTIFY\">Es soll insbesondere f\u00fcr K\u00fcnstler und K\u00fcnstlerinnen, Bauern und B\u00e4uerinnen, Handwerkern und Handwerkerinnen, Akademiker und Akademikerinnen sowie Kindern und Jugendlichen aller Art in Westafrika zur pers\u00f6nlichen und gesamtgesellschaftlichen Verbesserung der Lebenssituation beitragen. Nicht desto trotz sind Menschen aus allen Kulturkreisen und sozialen Hintergr\u00fcnden willkommen, da es uns in erster Linie auch um den transkulturellen Austausch geht, um gemeinsam Akzeptanz, soziale Gerechtigkeit, Solidarit\u00e4t und Verst\u00e4ndnis zwischen Menschen, L\u00e4ndern und Kulturen zu leben und zu f\u00f6rdern. Dabei geht es auch um die F\u00f6rderung und das Empowerment Afrikas, als gebeutelter und zerrissener Kontinent.<\/p>\n<p align=\"JUSTIFY\">Nur wenn wir uns als Menschen ein und derselben Welt verstehen und danach handeln, hat unser Planet Erde sowie dessen BewohnerInnen eine friedliche, harmonische und w\u00fcrdige Zukunft!<\/p>\n<p align=\"JUSTIFY\"><a href=\"http:\/\/www.fasokele.org\/wp-content\/uploads\/2016\/06\/1-Ackerland-Garten-Bauland.jpg\" target=\"_blank\" rel=\"noopener\"><img decoding=\"async\" loading=\"lazy\" class=\" wp-image-660 aligncenter\" src=\"http:\/\/www.fasokele.org\/wp-content\/uploads\/2016\/06\/1-Ackerland-Garten-Bauland.jpg\" alt=\"Ackerland; Garten; Bauland\" width=\"344\" height=\"258\" srcset=\"https:\/\/fasokele.org\/wp-content\/uploads\/2016\/06\/1-Ackerland-Garten-Bauland.jpg 519w, https:\/\/fasokele.org\/wp-content\/uploads\/2016\/06\/1-Ackerland-Garten-Bauland-300x225.jpg 300w\" sizes=\"(max-width: 344px) 100vw, 344px\" \/><\/a><\/p>\n<p align=\"JUSTIFY\">Das \u00d6ko-Kunst-Dorf soll Faso Kele die M\u00f6glichkeit bieten:<\/p>\n<ul>\n<li>das eigene vegetarische Bio-Essen selbst anzubauen; sowie reproduzierbares Saatgut her- und bereitzustellen;<\/li>\n<li>\u00f6kologisches Kunsthandwerk unter guten und fairen Bedingungen zu produzieren und damit zu handeln,<\/li>\n<li>f\u00fcr k\u00fcnstlerisch-kreative Ausdrucksformen sowie sozialpolitische und \u00f6kologische Projekte und Austauschsm\u00f6glichkeiten einen Freiraum und reichhaltige Infrastruktur bereitzustellen,<\/li>\n<li>pflanzliche Medikamente anzubauen und Naturheilkunde zu f\u00f6rdern,<\/li>\n<li>ganzheitliche P\u00e4dagogik und Bildung zu praktizieren, mit Fokus auf afrikanische Geschichte, Sprachen und Schrift, Denker* und K\u00e4mpfer*innen, Werte und Spiritualit\u00e4t.<\/li>\n<\/ul>\n<p><a href=\"http:\/\/www.fasokele.org\/wp-content\/uploads\/2016\/06\/1-Wasserlauf.jpg\" target=\"_blank\" rel=\"noopener\"><img decoding=\"async\" loading=\"lazy\" class=\" wp-image-669 alignnone\" src=\"http:\/\/www.fasokele.org\/wp-content\/uploads\/2016\/06\/1-Wasserlauf-768x1024.jpg\" alt=\"Wasserlauf\" width=\"159\" height=\"212\" srcset=\"https:\/\/fasokele.org\/wp-content\/uploads\/2016\/06\/1-Wasserlauf-768x1024.jpg 768w, https:\/\/fasokele.org\/wp-content\/uploads\/2016\/06\/1-Wasserlauf-225x300.jpg 225w, https:\/\/fasokele.org\/wp-content\/uploads\/2016\/06\/1-Wasserlauf.jpg 778w\" sizes=\"(max-width: 159px) 100vw, 159px\" \/><\/a> <a href=\"http:\/\/www.fasokele.org\/wp-content\/uploads\/2016\/06\/1-frisches-Wasser.jpg\" target=\"_blank\" rel=\"noopener\"><img decoding=\"async\" loading=\"lazy\" class=\" wp-image-667 alignnone\" src=\"http:\/\/www.fasokele.org\/wp-content\/uploads\/2016\/06\/1-frisches-Wasser.jpg\" alt=\"frisches Wasser\" width=\"280\" height=\"210\" srcset=\"https:\/\/fasokele.org\/wp-content\/uploads\/2016\/06\/1-frisches-Wasser.jpg 778w, https:\/\/fasokele.org\/wp-content\/uploads\/2016\/06\/1-frisches-Wasser-300x225.jpg 300w\" sizes=\"(max-width: 280px) 100vw, 280px\" \/><\/a><\/p>\n<p align=\"JUSTIFY\">F\u00fcr die Umsetzung des \u00d6ko-Kunst-Dorfes sind wir auf PartnerInnen und Unterst\u00fctzerInnen angewiesen. Wir freuen uns \u00fcber Ihre <a href=\"http:\/\/www.fasokele.org\/?page_id=192\">Kontaktaufnahme<\/a>.<\/p>\n<p align=\"JUSTIFY\">Das Dorf, welches bisher aus sechs Hektar Land besteht, befindet sich in der Gemeinde Condoya in der Region Kindia in Guinea. Es sind bereits die mehrere Lehmh\u00fctten, ein Brunnen, ein Duschh\u00e4uschen mit 2 Latrinen, ein Gemeinschaftshaus, ein K\u00fcchenhaus und ein kleines Caf\u00e9 enstanden. Dieses ist angedockt an\u00a0einem Container mit diversem Werkzeug und Ger\u00e4tschaften. Au\u00dferdem sind weitere Wohnh\u00e4user sowie ein Ausbildungszentrum zur Autonomisierung von Frauen im Aufbau. Die Pflanzung wichtiger Obst- und Medizinb\u00e4ume sowie der biologische Anbau diverser Gem\u00fcse (Aubergine, Chili, Karotten, Kohl&#8230;) sowie Erdn\u00fcssen, Mais und Bohnen ist im vollen Gange.<\/p>\n<p align=\"JUSTIFY\"><a href=\"http:\/\/www.fasokele.org\/wp-content\/uploads\/2016\/06\/Beete-anlegen.jpg\">\u00a0<\/a><a href=\"http:\/\/www.fasokele.org\/wp-content\/uploads\/2016\/06\/Bohnenernte.jpg\"><img decoding=\"async\" loading=\"lazy\" class=\" wp-image-889 alignnone\" src=\"http:\/\/www.fasokele.org\/wp-content\/uploads\/2016\/06\/Bohnenernte.jpg\" alt=\"DCIM100MEDIA\" width=\"198\" height=\"149\" srcset=\"https:\/\/fasokele.org\/wp-content\/uploads\/2016\/06\/Bohnenernte.jpg 850w, https:\/\/fasokele.org\/wp-content\/uploads\/2016\/06\/Bohnenernte-300x226.jpg 300w\" sizes=\"(max-width: 198px) 100vw, 198px\" \/><\/a><a href=\"http:\/\/www.fasokele.org\/wp-content\/uploads\/2016\/06\/Erdnuss-Ernte.jpg\"><img decoding=\"async\" loading=\"lazy\" class=\"wp-image-890 alignright\" src=\"http:\/\/www.fasokele.org\/wp-content\/uploads\/2016\/06\/Erdnuss-Ernte.jpg\" alt=\"DCIM100MEDIA\" width=\"200\" height=\"151\" srcset=\"https:\/\/fasokele.org\/wp-content\/uploads\/2016\/06\/Erdnuss-Ernte.jpg 850w, https:\/\/fasokele.org\/wp-content\/uploads\/2016\/06\/Erdnuss-Ernte-300x226.jpg 300w\" sizes=\"(max-width: 200px) 100vw, 200px\" \/><\/a><a href=\"http:\/\/www.fasokele.org\/wp-content\/uploads\/2016\/06\/Dorfbild-e1494449021778.jpg\"><img decoding=\"async\" loading=\"lazy\" class=\"wp-image-886 aligncenter\" src=\"http:\/\/www.fasokele.org\/wp-content\/uploads\/2016\/06\/Dorfbild-e1494449021778-1024x621.jpg\" alt=\"\" width=\"435\" height=\"264\" srcset=\"https:\/\/fasokele.org\/wp-content\/uploads\/2016\/06\/Dorfbild-e1494449021778-1024x621.jpg 1024w, https:\/\/fasokele.org\/wp-content\/uploads\/2016\/06\/Dorfbild-e1494449021778-300x182.jpg 300w, https:\/\/fasokele.org\/wp-content\/uploads\/2016\/06\/Dorfbild-e1494449021778.jpg 1627w\" sizes=\"(max-width: 435px) 100vw, 435px\" \/><\/a><\/p>\n<p>&nbsp;<\/p>\n<p><\/p>","protected":false},"excerpt":{"rendered":"<p>Um unserem Wunsch nach einem selbstbestimmten und autarken Leben nachzugehen, sowie eine bessere und gerechtere Welt selbst zu praktizieren, haben wir beschlossen in Guinea (Conakry) ein \u00f6kologisches K\u00fcnstlerInnen-Dorf aufzubauen. Dies soll prinzipiell allen interessierten Menschen die M\u00f6glichkeit bieten in einer Solidargemeinschaft zusammen zu leben und sich in die jeweiligen Bereiche einzubringen; sei es bei kreativen &hellip; <a href=\"https:\/\/fasokele.org\/?page_id=1162\" class=\"more-link\"><span class=\"screen-reader-text\">\u00d6ko-Kunst-Dorf Kurukanfuwa<\/span> weiterlesen <span class=\"meta-nav\">&rarr;<\/span><\/a><\/p>\n","protected":false},"author":1,"featured_media":0,"parent":0,"menu_order":0,"comment_status":"closed","ping_status":"closed","template":"","meta":[],"_links":{"self":[{"href":"https:\/\/fasokele.org\/index.php?rest_route=\/wp\/v2\/pages\/1162"}],"collection":[{"href":"https:\/\/fasokele.org\/index.php?rest_route=\/wp\/v2\/pages"}],"about":[{"href":"https:\/\/fasokele.org\/index.php?rest_route=\/wp\/v2\/types\/page"}],"author":[{"embeddable":true,"href":"https:\/\/fasokele.org\/index.php?rest_route=\/wp\/v2\/users\/1"}],"replies":[{"embeddable":true,"href":"https:\/\/fasokele.org\/index.php?rest_route=%2Fwp%2Fv2%2Fcomments&post=1162"}],"version-history":[{"count":7,"href":"https:\/\/fasokele.org\/index.php?rest_route=\/wp\/v2\/pages\/1162\/revisions"}],"predecessor-version":[{"id":1169,"href":"https:\/\/fasokele.org\/index.php?rest_route=\/wp\/v2\/pages\/1162\/revisions\/1169"}],"wp:attachment":[{"href":"https:\/\/fasokele.org\/index.php?rest_route=%2Fwp%2Fv2%2Fmedia&parent=1162"}],"curies":[{"name":"wp","href":"https:\/\/api.w.org\/{rel}","templated":true}]}}