{"id":16,"date":"2014-11-25T20:45:58","date_gmt":"2014-11-25T20:45:58","guid":{"rendered":"http:\/\/www.fasokele.org\/?page_id=16"},"modified":"2016-06-24T13:26:13","modified_gmt":"2016-06-24T13:26:13","slug":"willkommen","status":"publish","type":"page","link":"https:\/\/fasokele.org\/","title":{"rendered":"K\u00fcnstlerkollektiv"},"content":{"rendered":"<p><\/p>\n<p style=\"text-align: justify;\">Faso Kele ist ein transkulturelles und multidisziplin\u00e4res K\u00fcnstlerkollektiv, welches sich 2010 in dem westafrikanischen Land Mali gegr\u00fcndet hat. Faso Kele bedeutet: Kinder einer Erde.*1* Und daf\u00fcr stehen wir! F\u00fcr eine Welt; ohne soziale, kulturelle, religi\u00f6se und nationale Grenzen. Denn unserer Meinung nach sind diese k\u00fcnstlichen Grenzen Manipulationsinstrumente, die den Hass zwischen den Menschen ges\u00e4t haben.*2* Mit unserer Kunst wollen wir in kulturellen, politischen und spirituellen Austausch treten, um solidarisches und umweltvertr\u00e4gliches Handeln zu f\u00f6rdern. Wir verstehen Kunst und Handwerk als Mittel zur aktiven Gestaltung einer harmonischen Welt und einem menschlichen Miteinander.*3*<\/p>\n<p style=\"text-align: justify;\"><a href=\"http:\/\/www.fasokele.org\/wp-content\/uploads\/2015\/07\/Gruppenbild01.jpg\"><img decoding=\"async\" loading=\"lazy\" class=\"aligncenter size-large wp-image-346\" src=\"http:\/\/www.fasokele.org\/wp-content\/uploads\/2015\/07\/Gruppenbild01-1024x638.jpg\" alt=\"Gruppenbild\" width=\"960\" height=\"598\" srcset=\"https:\/\/fasokele.org\/wp-content\/uploads\/2015\/07\/Gruppenbild01-1024x638.jpg 1024w, https:\/\/fasokele.org\/wp-content\/uploads\/2015\/07\/Gruppenbild01-300x187.jpg 300w\" sizes=\"(max-width: 960px) 100vw, 960px\" \/><\/a><\/p>\n<p style=\"text-align: justify;\">Mit verschiedenen k\u00fcnstlerischen Ausdrucksformen und kulturellen Hintergr\u00fcnden setzen wir uns mit Themen wie globaler sozialer Gerechtigkeit, Migration, Bewegungsfreiheit, Panafrikanismus, Umwelt- und Ressourcenschutz auseinander. Wir vereinen Musik und Theater mit Tanz, M\u00e4rchen und Malerei, womit gleichfalls Gattungsgrenzen zwischen den K\u00fcnsten aufgebrochen werden. Au\u00dferdem produzieren wir Kunsthandwerk und organisieren das j\u00e4hrlich-stattfindende Festival \u201eWelt ohne Grenzen\u201c. F\u00fcr uns ist Kunst auch Lebenskunst. Deswegen interessiert uns ein gemeinschaftliches Leben und Arbeiten, da kollektive*4* und sozial-\u00f6kologische Verantwortung*5* sowie die Kunst der Einsicht*6* und des Zusammenlebens f\u00fcr uns von wesentlicher Bedeutung sind. Aus unserem Bed\u00fcrfnis heraus, Kunst und Kultur in alle Lebensbereiche zu integrieren, erhalten Ideen, Lebensphilosophie und kritische Auseinandersetzung mit unsere Welt durch kreatives Ausleben einen sch\u00f6pferischen Ausdruck.<\/p>\n<p style=\"text-align: justify;\">Die Mitglieder von Faso Kele kommen aus den folgenden L\u00e4ndern: Mali, Guinea, C\u00f4te d&#8217;Ivoire, Gabun, Deutschland und Burkina Faso. Dar\u00fcber hinaus verf\u00fcgt Faso Kele \u00fcber einen transnationalen Sympathisant*innenkreis und kooperiert mit anderen Gruppen und Organisationen. Wir haben einen offenen Geist f\u00fcr alle Projekte, die in einer best\u00e4ndigen Solidarit\u00e4t zwischen allen Lebewesen soziales Wohlergehen anstreben.<\/p>\n<p style=\"text-align: justify;\">[fruitful_sep]<\/p>\n<p style=\"text-align: justify;\">*1* Der Name Faso Kele kommt aus der Sprache Malinke (siehe auch Bambana und Jula), die in verschiedenen L\u00e4ndern in Westafrika gesprochen wird. Faso bedeutet: Vaterhaus. Kele bedeutet: Eins. An dieser Stelle m\u00f6chten wir betonen, dass die Bedeutung von Vaterhaus \u00fcber den patriarchalen Aspekt hinaus geht und zu einer viel sozialeren und gemeinschaftlichen Blickrichtung f\u00fchrt, die des Matriarchats. Au\u00dferdem erinnert die Begriffserkl\u00e4rung &#8216;Kinder einer Erde&#8217; an die Universalit\u00e4t der Menschheit, als eine Gesamtheit, da bereits bewiesen wurde, dass die Menschheit eine einzige Rasse ist bzw. einen gemeinsamen Ursprung hat. Insgesamt appelliert und erinnert Faso Kele an die Vereinigung der Menschen und die Harmonie in dieser nat\u00fcrlichen Koexistenz f\u00fcr einen gerechten Austausch und ein allseitiges Wohlergehen.<\/p>\n<p style=\"text-align: justify;\">*2* Deshalb gibt die M\u00f6glichkeit einer Welt ohne Grenzen in einem gerechten Austausch, der Akzeptanz von Unterschieden und der Gleichheit aller, Kraft und Hoffnung an diejenigen, die nicht mehr an sich selbst glauben und erkennen was gerecht ist.<\/p>\n<p style=\"text-align: justify;\">*3* Das ist eine Wirkung, wie wir sie alle kennen: Kunst ist ein Mittel zur Ermutigung und Bewusstwerdung. Schon seit Anbeginn hat Kunst die Welt beeinflusst und Ideen gef\u00f6rdert, um das menschliche Leiden zu kompensieren.<\/p>\n<p style=\"text-align: justify;\">*4* Die kollektive Verantwortung ist moralisch. Es ist der Einsatz von K\u00f6rper und Geist f\u00fcr eine Gemeinschaft und innerhalb einer Gemeinschaft. Wir sind der Meinung, dass wenn alle ihre Pflicht erf\u00fcllten, niemand sein Recht einfordern m\u00fcsste, da die universellen Rechte aller Lebewesen in unseren Pflichten bestehen.<\/p>\n<p style=\"text-align: justify;\">*5* Am Beispiel der sozial-\u00f6kologischen Verantwortung, ist das Ende der Massenproduktion ein dringliches Erfordernis, da sich diese nicht nur negativ auf unser \u00d6kosystem auswirkt, sondern auch auf die gesamte Gesellschaft. Unserer Meinung nach soll und muss sich die Welt hin zu einer nat\u00fcrlichen L\u00f6sung in einem sozialen Wohlergehen orientieren. Dabei m\u00fcssen lokale Produkte, die Wiederaufforstung, erneuerbare Energien und der Schutz von Flora und Fauna gef\u00f6rdert werden.<\/p>\n<p style=\"text-align: justify;\">*6* Gegenseitiges Verst\u00e4ndnis ist der Schl\u00fcssel, der die Welt f\u00fcr Solidarit\u00e4t, Einheit, Gleichheit usw. \u00f6ffnet. Diese \u00d6ffnung f\u00fchrt zur k\u00fcnstlerischen Kreativit\u00e4t, die selbst wiederum neue Wege er\u00f6ffnet.<\/p>\n<p style=\"text-align: justify;\"><span style=\"color: #ffff99;\">\u00a0<\/span><\/p>\n<p><\/p>","protected":false},"excerpt":{"rendered":"<p>Faso Kele ist ein transkulturelles und multidisziplin\u00e4res K\u00fcnstlerkollektiv, welches sich 2010 in dem westafrikanischen Land Mali gegr\u00fcndet hat. Faso Kele bedeutet: Kinder einer Erde.*1* Und daf\u00fcr stehen wir! F\u00fcr eine Welt; ohne soziale, kulturelle, religi\u00f6se und nationale Grenzen. Denn unserer Meinung nach sind diese k\u00fcnstlichen Grenzen Manipulationsinstrumente, die den Hass zwischen den Menschen ges\u00e4t haben.*2* &hellip; <a href=\"https:\/\/fasokele.org\/\" class=\"more-link\"><span class=\"screen-reader-text\">K\u00fcnstlerkollektiv<\/span> weiterlesen <span class=\"meta-nav\">&rarr;<\/span><\/a><\/p>\n","protected":false},"author":1,"featured_media":0,"parent":0,"menu_order":2,"comment_status":"closed","ping_status":"closed","template":"","meta":[],"_links":{"self":[{"href":"https:\/\/fasokele.org\/index.php?rest_route=\/wp\/v2\/pages\/16"}],"collection":[{"href":"https:\/\/fasokele.org\/index.php?rest_route=\/wp\/v2\/pages"}],"about":[{"href":"https:\/\/fasokele.org\/index.php?rest_route=\/wp\/v2\/types\/page"}],"author":[{"embeddable":true,"href":"https:\/\/fasokele.org\/index.php?rest_route=\/wp\/v2\/users\/1"}],"replies":[{"embeddable":true,"href":"https:\/\/fasokele.org\/index.php?rest_route=%2Fwp%2Fv2%2Fcomments&post=16"}],"version-history":[{"count":33,"href":"https:\/\/fasokele.org\/index.php?rest_route=\/wp\/v2\/pages\/16\/revisions"}],"predecessor-version":[{"id":677,"href":"https:\/\/fasokele.org\/index.php?rest_route=\/wp\/v2\/pages\/16\/revisions\/677"}],"wp:attachment":[{"href":"https:\/\/fasokele.org\/index.php?rest_route=%2Fwp%2Fv2%2Fmedia&parent=16"}],"curies":[{"name":"wp","href":"https:\/\/api.w.org\/{rel}","templated":true}]}}