{"id":223,"date":"2015-02-19T12:00:21","date_gmt":"2015-02-19T12:00:21","guid":{"rendered":"http:\/\/www.fasokele.org\/?page_id=223"},"modified":"2016-10-26T23:33:34","modified_gmt":"2016-10-26T23:33:34","slug":"2014-2","status":"publish","type":"page","link":"https:\/\/fasokele.org\/?page_id=223","title":{"rendered":"2014"},"content":{"rendered":"<p><\/p>\n<p style=\"text-align: justify;\"><a href=\"http:\/\/www.fasokele.org\/wp-content\/uploads\/2015\/02\/Transpi.jpg\"><img decoding=\"async\" loading=\"lazy\" class=\"  wp-image-222 alignleft\" src=\"http:\/\/www.fasokele.org\/wp-content\/uploads\/2015\/02\/Transpi-300x150.jpg\" alt=\"Transpi\" width=\"260\" height=\"130\" srcset=\"https:\/\/fasokele.org\/wp-content\/uploads\/2015\/02\/Transpi-300x150.jpg 300w, https:\/\/fasokele.org\/wp-content\/uploads\/2015\/02\/Transpi-1024x513.jpg 1024w, https:\/\/fasokele.org\/wp-content\/uploads\/2015\/02\/Transpi.jpg 1809w\" sizes=\"(max-width: 260px) 100vw, 260px\" \/><\/a><span style=\"color: #003300;\">Vom 26. bis 28. Januar fand die dritte Auflage des Festivals in Bamako, der Hauptstadt von Mali statt. In dem Stadtviertel Magnambougou, direkt am Fluss Niger gelegen, gab es dabei drei Orte des Geschehens:<\/span><\/p>\n<p style=\"text-align: justify;\"><span style=\"color: #003300;\">Das Hauptgel\u00e4nde, auf dem sich Konzerte, Theater- und Tanzauff\u00fchrungen, Filmvorf\u00fchrungen und Vortr\u00e4ge abspielten. Hier gab es jugendliche Rapper, bekannten Folkloristen und Tanz- und Theater-Darbietungen von Kindern zu sehen. Wir gaben ein Nyabinghi-Konzert und f\u00fchrten drei Theaterst\u00fccke auf.<\/span><\/p>\n<p><span style=\"color: #003300;\"><a style=\"color: #003300;\" href=\"http:\/\/www.fasokele.org\/wp-content\/uploads\/2015\/02\/sory-sch\u00f6n.jpg\"><img decoding=\"async\" loading=\"lazy\" class=\"  wp-image-220 alignnone\" src=\"http:\/\/www.fasokele.org\/wp-content\/uploads\/2015\/02\/sory-sch\u00f6n-300x225.jpg\" alt=\"sory-sch\u00f6n\" width=\"210\" height=\"157\" srcset=\"https:\/\/fasokele.org\/wp-content\/uploads\/2015\/02\/sory-sch\u00f6n-300x225.jpg 300w, https:\/\/fasokele.org\/wp-content\/uploads\/2015\/02\/sory-sch\u00f6n-1024x768.jpg 1024w, https:\/\/fasokele.org\/wp-content\/uploads\/2015\/02\/sory-sch\u00f6n.jpg 2048w\" sizes=\"(max-width: 210px) 100vw, 210px\" \/><\/a> <a style=\"color: #003300;\" href=\"http:\/\/www.fasokele.org\/wp-content\/uploads\/2015\/02\/sketsch.jpg\"><img decoding=\"async\" loading=\"lazy\" class=\"  wp-image-219 alignnone\" src=\"http:\/\/www.fasokele.org\/wp-content\/uploads\/2015\/02\/sketsch-300x225.jpg\" alt=\"sketsch\" width=\"210\" height=\"158\" srcset=\"https:\/\/fasokele.org\/wp-content\/uploads\/2015\/02\/sketsch-300x225.jpg 300w, https:\/\/fasokele.org\/wp-content\/uploads\/2015\/02\/sketsch-1024x768.jpg 1024w, https:\/\/fasokele.org\/wp-content\/uploads\/2015\/02\/sketsch.jpg 2048w\" sizes=\"(max-width: 210px) 100vw, 210px\" \/><\/a> <a style=\"color: #003300;\" href=\"http:\/\/www.fasokele.org\/wp-content\/uploads\/2015\/02\/traditionel.jpg\"><img decoding=\"async\" loading=\"lazy\" class=\"  wp-image-221 alignnone\" src=\"http:\/\/www.fasokele.org\/wp-content\/uploads\/2015\/02\/traditionel-300x225.jpg\" alt=\"DCIM102MEDIA\" width=\"210\" height=\"157\" srcset=\"https:\/\/fasokele.org\/wp-content\/uploads\/2015\/02\/traditionel-300x225.jpg 300w, https:\/\/fasokele.org\/wp-content\/uploads\/2015\/02\/traditionel.jpg 640w\" sizes=\"(max-width: 210px) 100vw, 210px\" \/><\/a> <a style=\"color: #003300;\" href=\"http:\/\/www.fasokele.org\/wp-content\/uploads\/2015\/02\/Kokotanga.jpg\"><img decoding=\"async\" loading=\"lazy\" class=\"  wp-image-209 alignnone\" src=\"http:\/\/www.fasokele.org\/wp-content\/uploads\/2015\/02\/Kokotanga-300x225.jpg\" alt=\"DCIM100MEDIA\" width=\"210\" height=\"157\" srcset=\"https:\/\/fasokele.org\/wp-content\/uploads\/2015\/02\/Kokotanga-300x225.jpg 300w, https:\/\/fasokele.org\/wp-content\/uploads\/2015\/02\/Kokotanga.jpg 640w\" sizes=\"(max-width: 210px) 100vw, 210px\" \/><\/a> <a style=\"color: #003300;\" href=\"http:\/\/www.fasokele.org\/wp-content\/uploads\/2015\/02\/publikum.jpg\"><img decoding=\"async\" loading=\"lazy\" class=\"  wp-image-215 alignnone\" src=\"http:\/\/www.fasokele.org\/wp-content\/uploads\/2015\/02\/publikum-300x225.jpg\" alt=\"publikum\" width=\"210\" height=\"158\" srcset=\"https:\/\/fasokele.org\/wp-content\/uploads\/2015\/02\/publikum-300x225.jpg 300w, https:\/\/fasokele.org\/wp-content\/uploads\/2015\/02\/publikum-1024x768.jpg 1024w, https:\/\/fasokele.org\/wp-content\/uploads\/2015\/02\/publikum.jpg 2048w\" sizes=\"(max-width: 210px) 100vw, 210px\" \/><\/a> <a style=\"color: #003300;\" href=\"http:\/\/www.fasokele.org\/wp-content\/uploads\/2015\/02\/oury-jalloh.jpg\"><img decoding=\"async\" loading=\"lazy\" class=\"  wp-image-213 alignnone\" src=\"http:\/\/www.fasokele.org\/wp-content\/uploads\/2015\/02\/oury-jalloh-300x225.jpg\" alt=\"DCIM100MEDIA\" width=\"210\" height=\"158\" srcset=\"https:\/\/fasokele.org\/wp-content\/uploads\/2015\/02\/oury-jalloh-300x225.jpg 300w, https:\/\/fasokele.org\/wp-content\/uploads\/2015\/02\/oury-jalloh.jpg 640w\" sizes=\"(max-width: 210px) 100vw, 210px\" \/><\/a> <a style=\"color: #003300;\" href=\"http:\/\/www.fasokele.org\/wp-content\/uploads\/2015\/02\/Rapper1.jpg\"><img decoding=\"async\" loading=\"lazy\" class=\"  wp-image-216 alignnone\" src=\"http:\/\/www.fasokele.org\/wp-content\/uploads\/2015\/02\/Rapper1-300x225.jpg\" alt=\"Rapper1\" width=\"210\" height=\"157\" srcset=\"https:\/\/fasokele.org\/wp-content\/uploads\/2015\/02\/Rapper1-300x225.jpg 300w, https:\/\/fasokele.org\/wp-content\/uploads\/2015\/02\/Rapper1-1024x768.jpg 1024w, https:\/\/fasokele.org\/wp-content\/uploads\/2015\/02\/Rapper1.jpg 2048w\" sizes=\"(max-width: 210px) 100vw, 210px\" \/><\/a> <a style=\"color: #003300;\" href=\"http:\/\/www.fasokele.org\/wp-content\/uploads\/2015\/02\/Rapper2.jpg\"><img decoding=\"async\" loading=\"lazy\" class=\"  wp-image-217 alignnone\" src=\"http:\/\/www.fasokele.org\/wp-content\/uploads\/2015\/02\/Rapper2-300x278.jpg\" alt=\"Rapper2\" width=\"171\" height=\"158\" srcset=\"https:\/\/fasokele.org\/wp-content\/uploads\/2015\/02\/Rapper2-300x278.jpg 300w, https:\/\/fasokele.org\/wp-content\/uploads\/2015\/02\/Rapper2-1024x948.jpg 1024w, https:\/\/fasokele.org\/wp-content\/uploads\/2015\/02\/Rapper2.jpg 1611w\" sizes=\"(max-width: 171px) 100vw, 171px\" \/><\/a><\/span><\/p>\n<p><span style=\"color: #003300;\">Am Sonntag gab es f\u00fcr die Kinder eine Konferenz \u00fcber umweltbewusstes Verhalten.<\/span><\/p>\n<p><span style=\"color: #003300;\"><a style=\"color: #003300;\" href=\"http:\/\/www.fasokele.org\/wp-content\/uploads\/2015\/02\/kinderkonferenz.jpg\"><img decoding=\"async\" loading=\"lazy\" class=\"  wp-image-207 alignnone\" src=\"http:\/\/www.fasokele.org\/wp-content\/uploads\/2015\/02\/kinderkonferenz-300x240.jpg\" alt=\"kinderkonferenz\" width=\"198\" height=\"158\" srcset=\"https:\/\/fasokele.org\/wp-content\/uploads\/2015\/02\/kinderkonferenz-300x240.jpg 300w, https:\/\/fasokele.org\/wp-content\/uploads\/2015\/02\/kinderkonferenz-1024x818.jpg 1024w, https:\/\/fasokele.org\/wp-content\/uploads\/2015\/02\/kinderkonferenz.jpg 1923w\" sizes=\"(max-width: 198px) 100vw, 198px\" \/><\/a> <a style=\"color: #003300;\" href=\"http:\/\/www.fasokele.org\/wp-content\/uploads\/2015\/02\/konferenz.jpg\"><img decoding=\"async\" loading=\"lazy\" class=\"  wp-image-210 alignnone\" src=\"http:\/\/www.fasokele.org\/wp-content\/uploads\/2015\/02\/konferenz-300x225.jpg\" alt=\"konferenz\" width=\"211\" height=\"159\" srcset=\"https:\/\/fasokele.org\/wp-content\/uploads\/2015\/02\/konferenz-300x225.jpg 300w, https:\/\/fasokele.org\/wp-content\/uploads\/2015\/02\/konferenz-1024x768.jpg 1024w, https:\/\/fasokele.org\/wp-content\/uploads\/2015\/02\/konferenz.jpg 2048w\" sizes=\"(max-width: 211px) 100vw, 211px\" \/><\/a> <a style=\"color: #003300;\" href=\"http:\/\/www.fasokele.org\/wp-content\/uploads\/2015\/02\/kinderpublikum.jpg\"><img decoding=\"async\" loading=\"lazy\" class=\"  wp-image-208 alignnone\" src=\"http:\/\/www.fasokele.org\/wp-content\/uploads\/2015\/02\/kinderpublikum-300x225.jpg\" alt=\"kinderpublikum\" width=\"209\" height=\"157\" srcset=\"https:\/\/fasokele.org\/wp-content\/uploads\/2015\/02\/kinderpublikum-300x225.jpg 300w, https:\/\/fasokele.org\/wp-content\/uploads\/2015\/02\/kinderpublikum-1024x768.jpg 1024w, https:\/\/fasokele.org\/wp-content\/uploads\/2015\/02\/kinderpublikum.jpg 2048w\" sizes=\"(max-width: 209px) 100vw, 209px\" \/><\/a><\/span><\/p>\n<p><span style=\"color: #003300;\">In einem nahegelegenen Hof und Atelier war die Ausstellung platziert. Das Repertoire reichte von Bogolon-Kleidung, \u00fcber Gem\u00e4lde bis hin zu diversen Schmuckst\u00fccken.<\/span><\/p>\n<p><span style=\"color: #003300;\"><a style=\"color: #003300;\" href=\"http:\/\/www.fasokele.org\/wp-content\/uploads\/2015\/02\/pablochec.jpg\"><img decoding=\"async\" loading=\"lazy\" class=\"  wp-image-214 alignnone\" src=\"http:\/\/www.fasokele.org\/wp-content\/uploads\/2015\/02\/pablochec-300x225.jpg\" alt=\"pablo&amp;chec\" width=\"210\" height=\"157\" srcset=\"https:\/\/fasokele.org\/wp-content\/uploads\/2015\/02\/pablochec-300x225.jpg 300w, https:\/\/fasokele.org\/wp-content\/uploads\/2015\/02\/pablochec-1024x768.jpg 1024w, https:\/\/fasokele.org\/wp-content\/uploads\/2015\/02\/pablochec.jpg 2048w\" sizes=\"(max-width: 210px) 100vw, 210px\" \/><\/a> <a style=\"color: #003300;\" href=\"http:\/\/www.fasokele.org\/wp-content\/uploads\/2015\/02\/Ausstellung.jpg\"><img decoding=\"async\" loading=\"lazy\" class=\"  wp-image-203 alignnone\" src=\"http:\/\/www.fasokele.org\/wp-content\/uploads\/2015\/02\/Ausstellung-300x225.jpg\" alt=\"Ausstellung\" width=\"210\" height=\"157\" srcset=\"https:\/\/fasokele.org\/wp-content\/uploads\/2015\/02\/Ausstellung-300x225.jpg 300w, https:\/\/fasokele.org\/wp-content\/uploads\/2015\/02\/Ausstellung-1024x768.jpg 1024w, https:\/\/fasokele.org\/wp-content\/uploads\/2015\/02\/Ausstellung.jpg 2048w\" sizes=\"(max-width: 210px) 100vw, 210px\" \/><\/a> <a style=\"color: #003300;\" href=\"http:\/\/www.fasokele.org\/wp-content\/uploads\/2015\/02\/Bogolon-etc.jpg\"><img decoding=\"async\" loading=\"lazy\" class=\"  wp-image-204 alignnone\" src=\"http:\/\/www.fasokele.org\/wp-content\/uploads\/2015\/02\/Bogolon-etc-300x225.jpg\" alt=\"Bogolon etc\" width=\"210\" height=\"158\" srcset=\"https:\/\/fasokele.org\/wp-content\/uploads\/2015\/02\/Bogolon-etc-300x225.jpg 300w, https:\/\/fasokele.org\/wp-content\/uploads\/2015\/02\/Bogolon-etc-1024x768.jpg 1024w, https:\/\/fasokele.org\/wp-content\/uploads\/2015\/02\/Bogolon-etc.jpg 2048w\" sizes=\"(max-width: 210px) 100vw, 210px\" \/><\/a> <a style=\"color: #003300;\" href=\"http:\/\/www.fasokele.org\/wp-content\/uploads\/2015\/02\/La-paix.jpg\"><img decoding=\"async\" loading=\"lazy\" class=\"  wp-image-211 alignnone\" src=\"http:\/\/www.fasokele.org\/wp-content\/uploads\/2015\/02\/La-paix-300x283.jpg\" alt=\"La paix\" width=\"190\" height=\"179\" srcset=\"https:\/\/fasokele.org\/wp-content\/uploads\/2015\/02\/La-paix-300x283.jpg 300w, https:\/\/fasokele.org\/wp-content\/uploads\/2015\/02\/La-paix-1024x967.jpg 1024w, https:\/\/fasokele.org\/wp-content\/uploads\/2015\/02\/La-paix.jpg 1395w\" sizes=\"(max-width: 190px) 100vw, 190px\" \/><\/a> <a style=\"color: #003300;\" href=\"http:\/\/www.fasokele.org\/wp-content\/uploads\/2015\/02\/Fessel-Bild.jpg\"><img decoding=\"async\" loading=\"lazy\" class=\"  wp-image-205 alignnone\" src=\"http:\/\/www.fasokele.org\/wp-content\/uploads\/2015\/02\/Fessel-Bild-300x284.jpg\" alt=\"Fessel-Bild\" width=\"190\" height=\"180\" srcset=\"https:\/\/fasokele.org\/wp-content\/uploads\/2015\/02\/Fessel-Bild-300x284.jpg 300w, https:\/\/fasokele.org\/wp-content\/uploads\/2015\/02\/Fessel-Bild-1024x969.jpg 1024w, https:\/\/fasokele.org\/wp-content\/uploads\/2015\/02\/Fessel-Bild.jpg 1620w\" sizes=\"(max-width: 190px) 100vw, 190px\" \/><\/a><\/span><\/p>\n<p><span style=\"color: #003300;\">Eine Gartenanlage in der N\u00e4he diente als Ort der Erholung, Vorbereitung und Kinderspiele.<\/span><\/p>\n<p><span style=\"color: #003300;\"><a style=\"color: #003300;\" href=\"http:\/\/www.fasokele.org\/wp-content\/uploads\/2015\/02\/schaukeln.jpg\"><img decoding=\"async\" loading=\"lazy\" class=\"  wp-image-218 alignnone\" src=\"http:\/\/www.fasokele.org\/wp-content\/uploads\/2015\/02\/schaukeln-300x225.jpg\" alt=\"schaukeln\" width=\"210\" height=\"158\" srcset=\"https:\/\/fasokele.org\/wp-content\/uploads\/2015\/02\/schaukeln-300x225.jpg 300w, https:\/\/fasokele.org\/wp-content\/uploads\/2015\/02\/schaukeln-1024x768.jpg 1024w, https:\/\/fasokele.org\/wp-content\/uploads\/2015\/02\/schaukeln.jpg 2048w\" sizes=\"(max-width: 210px) 100vw, 210px\" \/><\/a> <a style=\"color: #003300;\" href=\"http:\/\/www.fasokele.org\/wp-content\/uploads\/2015\/02\/mitspieler.jpg\"><img decoding=\"async\" loading=\"lazy\" class=\"  wp-image-212 alignnone\" src=\"http:\/\/www.fasokele.org\/wp-content\/uploads\/2015\/02\/mitspieler-300x225.jpg\" alt=\"mitspieler\" width=\"210\" height=\"158\" srcset=\"https:\/\/fasokele.org\/wp-content\/uploads\/2015\/02\/mitspieler-300x225.jpg 300w, https:\/\/fasokele.org\/wp-content\/uploads\/2015\/02\/mitspieler-1024x768.jpg 1024w, https:\/\/fasokele.org\/wp-content\/uploads\/2015\/02\/mitspieler.jpg 2048w\" sizes=\"(max-width: 210px) 100vw, 210px\" \/><\/a> <a style=\"color: #003300;\" href=\"http:\/\/www.fasokele.org\/wp-content\/uploads\/2015\/02\/Flatije.jpg\"><img decoding=\"async\" loading=\"lazy\" class=\"  wp-image-206 alignnone\" src=\"http:\/\/www.fasokele.org\/wp-content\/uploads\/2015\/02\/Flatije-300x225.jpg\" alt=\"Flatije\" width=\"210\" height=\"157\" srcset=\"https:\/\/fasokele.org\/wp-content\/uploads\/2015\/02\/Flatije-300x225.jpg 300w, https:\/\/fasokele.org\/wp-content\/uploads\/2015\/02\/Flatije-1024x768.jpg 1024w, https:\/\/fasokele.org\/wp-content\/uploads\/2015\/02\/Flatije.jpg 2048w\" sizes=\"(max-width: 210px) 100vw, 210px\" \/><\/a><\/span><\/p>","protected":false},"excerpt":{"rendered":"<p>Vom 26. bis 28. Januar fand die dritte Auflage des Festivals in Bamako, der Hauptstadt von Mali statt. In dem Stadtviertel Magnambougou, direkt am Fluss Niger gelegen, gab es dabei drei Orte des Geschehens: Das Hauptgel\u00e4nde, auf dem sich Konzerte, Theater- und Tanzauff\u00fchrungen, Filmvorf\u00fchrungen und Vortr\u00e4ge abspielten. Hier gab es jugendliche Rapper, bekannten Folkloristen und &hellip; <a href=\"https:\/\/fasokele.org\/?page_id=223\" class=\"more-link\"><span class=\"screen-reader-text\">2014<\/span> weiterlesen <span class=\"meta-nav\">&rarr;<\/span><\/a><\/p>\n","protected":false},"author":1,"featured_media":0,"parent":46,"menu_order":4,"comment_status":"closed","ping_status":"closed","template":"","meta":[],"_links":{"self":[{"href":"https:\/\/fasokele.org\/index.php?rest_route=\/wp\/v2\/pages\/223"}],"collection":[{"href":"https:\/\/fasokele.org\/index.php?rest_route=\/wp\/v2\/pages"}],"about":[{"href":"https:\/\/fasokele.org\/index.php?rest_route=\/wp\/v2\/types\/page"}],"author":[{"embeddable":true,"href":"https:\/\/fasokele.org\/index.php?rest_route=\/wp\/v2\/users\/1"}],"replies":[{"embeddable":true,"href":"https:\/\/fasokele.org\/index.php?rest_route=%2Fwp%2Fv2%2Fcomments&post=223"}],"version-history":[{"count":27,"href":"https:\/\/fasokele.org\/index.php?rest_route=\/wp\/v2\/pages\/223\/revisions"}],"predecessor-version":[{"id":606,"href":"https:\/\/fasokele.org\/index.php?rest_route=\/wp\/v2\/pages\/223\/revisions\/606"}],"up":[{"embeddable":true,"href":"https:\/\/fasokele.org\/index.php?rest_route=\/wp\/v2\/pages\/46"}],"wp:attachment":[{"href":"https:\/\/fasokele.org\/index.php?rest_route=%2Fwp%2Fv2%2Fmedia&parent=223"}],"curies":[{"name":"wp","href":"https:\/\/api.w.org\/{rel}","templated":true}]}}