{"id":292,"date":"2015-03-24T22:51:23","date_gmt":"2015-03-24T22:51:23","guid":{"rendered":"http:\/\/www.fasokele.org\/?page_id=292"},"modified":"2016-07-14T19:41:52","modified_gmt":"2016-07-14T19:41:52","slug":"sandalen","status":"publish","type":"page","link":"https:\/\/fasokele.org\/?page_id=292","title":{"rendered":"Sandalen"},"content":{"rendered":"<p><\/p>\n<p style=\"text-align: justify;\">Aus recycelten Materialien stellen wir Sandalen in verschiedenen Modellen her; im traditionellen und modernen Stil, wie auch in neuen Kreationen. Daf\u00fcr benutzen wir alte Autoreifen, da sich diese nicht selbst eliminieren k\u00f6nnen, aber eine leichte und robuste Sohle darbieten. F\u00fcr die B\u00e4nder verwenden wir vorzugsweise Second-Hand-Taschen oder Stoffreste.<\/p>\n<p><a href=\"http:\/\/www.fasokele.org\/wp-content\/uploads\/2015\/03\/Schuhe-1.jpg\"><img decoding=\"async\" loading=\"lazy\" class=\"  wp-image-576 alignnone\" src=\"http:\/\/www.fasokele.org\/wp-content\/uploads\/2015\/03\/Schuhe-1.jpg\" alt=\"Schuhe 1\" width=\"251\" height=\"334\" srcset=\"https:\/\/fasokele.org\/wp-content\/uploads\/2015\/03\/Schuhe-1.jpg 600w, https:\/\/fasokele.org\/wp-content\/uploads\/2015\/03\/Schuhe-1-225x300.jpg 225w\" sizes=\"(max-width: 251px) 100vw, 251px\" \/><\/a> <a href=\"http:\/\/www.fasokele.org\/wp-content\/uploads\/2015\/03\/Schuhe-2.jpg\"><img decoding=\"async\" loading=\"lazy\" class=\"  wp-image-580 alignnone\" src=\"http:\/\/www.fasokele.org\/wp-content\/uploads\/2015\/03\/Schuhe-2.jpg\" alt=\"Schuhe 2\" width=\"344\" height=\"333\" srcset=\"https:\/\/fasokele.org\/wp-content\/uploads\/2015\/03\/Schuhe-2.jpg 765w, https:\/\/fasokele.org\/wp-content\/uploads\/2015\/03\/Schuhe-2-300x291.jpg 300w\" sizes=\"(max-width: 344px) 100vw, 344px\" \/><\/a> <a href=\"http:\/\/www.fasokele.org\/wp-content\/uploads\/2015\/03\/Schuhe-3.jpg\"><img decoding=\"async\" loading=\"lazy\" class=\"  wp-image-578 alignnone\" src=\"http:\/\/www.fasokele.org\/wp-content\/uploads\/2015\/03\/Schuhe-3.jpg\" alt=\"Schuhe 3\" width=\"299\" height=\"224\" srcset=\"https:\/\/fasokele.org\/wp-content\/uploads\/2015\/03\/Schuhe-3.jpg 800w, https:\/\/fasokele.org\/wp-content\/uploads\/2015\/03\/Schuhe-3-300x225.jpg 300w\" sizes=\"(max-width: 299px) 100vw, 299px\" \/><\/a> <a href=\"http:\/\/www.fasokele.org\/wp-content\/uploads\/2015\/03\/Schuhe-4.jpg\"><img decoding=\"async\" loading=\"lazy\" class=\"  wp-image-579 alignnone\" src=\"http:\/\/www.fasokele.org\/wp-content\/uploads\/2015\/03\/Schuhe-4.jpg\" alt=\"Schuhe 4\" width=\"296\" height=\"222\" srcset=\"https:\/\/fasokele.org\/wp-content\/uploads\/2015\/03\/Schuhe-4.jpg 800w, https:\/\/fasokele.org\/wp-content\/uploads\/2015\/03\/Schuhe-4-300x225.jpg 300w\" sizes=\"(max-width: 296px) 100vw, 296px\" \/><\/a><\/p>\n<p style=\"text-align: justify;\">F\u00fcr uns ist die Weiterverarbeitung vor allem deshalb wichtig, um nicht an der Verschwendung der begrenzten Rohstoffe unserer Erde beizutragen, denn diese gilt es f\u00fcr eine gute Zukunft f\u00fcr alle Lebewesen zu sch\u00fctzen. Das ist auch der Grund daf\u00fcr, weshalb unsere Produkte stabil, langlebig und effizient produziert sind.<\/p>\n<p><\/p>","protected":false},"excerpt":{"rendered":"<p>Aus recycelten Materialien stellen wir Sandalen in verschiedenen Modellen her; im traditionellen und modernen Stil, wie auch in neuen Kreationen. Daf\u00fcr benutzen wir alte Autoreifen, da sich diese nicht selbst eliminieren k\u00f6nnen, aber eine leichte und robuste Sohle darbieten. F\u00fcr die B\u00e4nder verwenden wir vorzugsweise Second-Hand-Taschen oder Stoffreste. F\u00fcr uns ist die Weiterverarbeitung vor allem &hellip; <a href=\"https:\/\/fasokele.org\/?page_id=292\" class=\"more-link\"><span class=\"screen-reader-text\">Sandalen<\/span> weiterlesen <span class=\"meta-nav\">&rarr;<\/span><\/a><\/p>\n","protected":false},"author":1,"featured_media":0,"parent":36,"menu_order":6,"comment_status":"closed","ping_status":"closed","template":"","meta":[],"_links":{"self":[{"href":"https:\/\/fasokele.org\/index.php?rest_route=\/wp\/v2\/pages\/292"}],"collection":[{"href":"https:\/\/fasokele.org\/index.php?rest_route=\/wp\/v2\/pages"}],"about":[{"href":"https:\/\/fasokele.org\/index.php?rest_route=\/wp\/v2\/types\/page"}],"author":[{"embeddable":true,"href":"https:\/\/fasokele.org\/index.php?rest_route=\/wp\/v2\/users\/1"}],"replies":[{"embeddable":true,"href":"https:\/\/fasokele.org\/index.php?rest_route=%2Fwp%2Fv2%2Fcomments&post=292"}],"version-history":[{"count":7,"href":"https:\/\/fasokele.org\/index.php?rest_route=\/wp\/v2\/pages\/292\/revisions"}],"predecessor-version":[{"id":583,"href":"https:\/\/fasokele.org\/index.php?rest_route=\/wp\/v2\/pages\/292\/revisions\/583"}],"up":[{"embeddable":true,"href":"https:\/\/fasokele.org\/index.php?rest_route=\/wp\/v2\/pages\/36"}],"wp:attachment":[{"href":"https:\/\/fasokele.org\/index.php?rest_route=%2Fwp%2Fv2%2Fmedia&parent=292"}],"curies":[{"name":"wp","href":"https:\/\/api.w.org\/{rel}","templated":true}]}}