{"id":379,"date":"2015-08-25T14:16:52","date_gmt":"2015-08-25T14:16:52","guid":{"rendered":"http:\/\/www.fasokele.org\/?page_id=379"},"modified":"2016-07-14T16:35:18","modified_gmt":"2016-07-14T16:35:18","slug":"kalebassen","status":"publish","type":"page","link":"https:\/\/fasokele.org\/?page_id=379","title":{"rendered":"Kalebasse"},"content":{"rendered":"<p><\/p>\n<p style=\"text-align: justify;\">Die Kalebasse ist eine unessbare K\u00fcrbis-Art, deren Schale f\u00fcr viele T\u00e4tigkeiten Benutzung findet. Es gibt sie in vielf\u00e4ltigen Variationen. Je nach Gr\u00f6\u00dfe und Form wird sie z.B. als Musikinstrument, K\u00fcchenutensil oder als Dekorationsgegenstand verwendet\u2026<\/p>\n<p style=\"text-align: justify;\"><a href=\"http:\/\/www.fasokele.org\/wp-content\/uploads\/2015\/08\/Lampenherstellung1.jpg\"><img decoding=\"async\" loading=\"lazy\" class=\"  wp-image-480 alignnone\" src=\"http:\/\/www.fasokele.org\/wp-content\/uploads\/2015\/08\/Lampenherstellung1.jpg\" alt=\"Lampenherstellung1\" width=\"202\" height=\"152\" srcset=\"https:\/\/fasokele.org\/wp-content\/uploads\/2015\/08\/Lampenherstellung1.jpg 820w, https:\/\/fasokele.org\/wp-content\/uploads\/2015\/08\/Lampenherstellung1-300x225.jpg 300w\" sizes=\"(max-width: 202px) 100vw, 202px\" \/><\/a> <a href=\"http:\/\/www.fasokele.org\/wp-content\/uploads\/2015\/08\/Lampenherstellung2.jpg\"><img decoding=\"async\" loading=\"lazy\" class=\"  wp-image-481 alignnone\" src=\"http:\/\/www.fasokele.org\/wp-content\/uploads\/2015\/08\/Lampenherstellung2.jpg\" alt=\"Lampenherstellung2\" width=\"192\" height=\"152\" srcset=\"https:\/\/fasokele.org\/wp-content\/uploads\/2015\/08\/Lampenherstellung2.jpg 719w, https:\/\/fasokele.org\/wp-content\/uploads\/2015\/08\/Lampenherstellung2-300x238.jpg 300w\" sizes=\"(max-width: 192px) 100vw, 192px\" \/><\/a> <a href=\"http:\/\/www.fasokele.org\/wp-content\/uploads\/2015\/08\/Lampenherstellung3.jpg\"><img decoding=\"async\" loading=\"lazy\" class=\"  wp-image-482 alignnone\" src=\"http:\/\/www.fasokele.org\/wp-content\/uploads\/2015\/08\/Lampenherstellung3-1024x768.jpg\" alt=\"Lampenherstellung3\" width=\"202\" height=\"152\" srcset=\"https:\/\/fasokele.org\/wp-content\/uploads\/2015\/08\/Lampenherstellung3-1024x768.jpg 1024w, https:\/\/fasokele.org\/wp-content\/uploads\/2015\/08\/Lampenherstellung3-300x225.jpg 300w, https:\/\/fasokele.org\/wp-content\/uploads\/2015\/08\/Lampenherstellung3.jpg 1037w\" sizes=\"(max-width: 202px) 100vw, 202px\" \/><\/a><\/p>\n<p style=\"text-align: justify;\">Wir stellen verschiedene Lampen und Wanddekorationen aus Kalebassen her. Die Verzierung wird entweder eingeschnitzt oder hinein gebrannt, wodurch das dekorative Motiv und das gew\u00fcnschte Design sichtbar werden.<\/p>\n<p style=\"text-align: justify;\"><a href=\"http:\/\/www.fasokele.org\/wp-content\/uploads\/2015\/08\/Lampenausstellung.jpg\"><img decoding=\"async\" loading=\"lazy\" class=\"  wp-image-479 alignnone\" src=\"http:\/\/www.fasokele.org\/wp-content\/uploads\/2015\/08\/Lampenausstellung.jpg\" alt=\"Lampenausstellung\" width=\"372\" height=\"224\" srcset=\"https:\/\/fasokele.org\/wp-content\/uploads\/2015\/08\/Lampenausstellung.jpg 820w, https:\/\/fasokele.org\/wp-content\/uploads\/2015\/08\/Lampenausstellung-300x181.jpg 300w\" sizes=\"(max-width: 372px) 100vw, 372px\" \/><\/a> <a href=\"http:\/\/www.fasokele.org\/wp-content\/uploads\/2015\/10\/Wanddeko-WeltOhneGrenzen.jpg\"><img decoding=\"async\" loading=\"lazy\" class=\"  wp-image-463 alignnone\" src=\"http:\/\/www.fasokele.org\/wp-content\/uploads\/2015\/10\/Wanddeko-WeltOhneGrenzen.jpg\" alt=\"Wanddeko 'WeltOhneGrenzen'\" width=\"227\" height=\"227\" srcset=\"https:\/\/fasokele.org\/wp-content\/uploads\/2015\/10\/Wanddeko-WeltOhneGrenzen.jpg 461w, https:\/\/fasokele.org\/wp-content\/uploads\/2015\/10\/Wanddeko-WeltOhneGrenzen-150x150.jpg 150w, https:\/\/fasokele.org\/wp-content\/uploads\/2015\/10\/Wanddeko-WeltOhneGrenzen-300x300.jpg 300w\" sizes=\"(max-width: 227px) 100vw, 227px\" \/><\/a><\/p>\n<p><\/p>","protected":false},"excerpt":{"rendered":"<p>Die Kalebasse ist eine unessbare K\u00fcrbis-Art, deren Schale f\u00fcr viele T\u00e4tigkeiten Benutzung findet. Es gibt sie in vielf\u00e4ltigen Variationen. Je nach Gr\u00f6\u00dfe und Form wird sie z.B. als Musikinstrument, K\u00fcchenutensil oder als Dekorationsgegenstand verwendet\u2026 Wir stellen verschiedene Lampen und Wanddekorationen aus Kalebassen her. Die Verzierung wird entweder eingeschnitzt oder hinein gebrannt, wodurch das dekorative Motiv &hellip; <a href=\"https:\/\/fasokele.org\/?page_id=379\" class=\"more-link\"><span class=\"screen-reader-text\">Kalebasse<\/span> weiterlesen <span class=\"meta-nav\">&rarr;<\/span><\/a><\/p>\n","protected":false},"author":1,"featured_media":0,"parent":36,"menu_order":2,"comment_status":"closed","ping_status":"closed","template":"","meta":[],"_links":{"self":[{"href":"https:\/\/fasokele.org\/index.php?rest_route=\/wp\/v2\/pages\/379"}],"collection":[{"href":"https:\/\/fasokele.org\/index.php?rest_route=\/wp\/v2\/pages"}],"about":[{"href":"https:\/\/fasokele.org\/index.php?rest_route=\/wp\/v2\/types\/page"}],"author":[{"embeddable":true,"href":"https:\/\/fasokele.org\/index.php?rest_route=\/wp\/v2\/users\/1"}],"replies":[{"embeddable":true,"href":"https:\/\/fasokele.org\/index.php?rest_route=%2Fwp%2Fv2%2Fcomments&post=379"}],"version-history":[{"count":6,"href":"https:\/\/fasokele.org\/index.php?rest_route=\/wp\/v2\/pages\/379\/revisions"}],"predecessor-version":[{"id":680,"href":"https:\/\/fasokele.org\/index.php?rest_route=\/wp\/v2\/pages\/379\/revisions\/680"}],"up":[{"embeddable":true,"href":"https:\/\/fasokele.org\/index.php?rest_route=\/wp\/v2\/pages\/36"}],"wp:attachment":[{"href":"https:\/\/fasokele.org\/index.php?rest_route=%2Fwp%2Fv2%2Fmedia&parent=379"}],"curies":[{"name":"wp","href":"https:\/\/api.w.org\/{rel}","templated":true}]}}