{"id":40,"date":"2014-12-06T17:25:41","date_gmt":"2014-12-06T17:25:41","guid":{"rendered":"http:\/\/www.fasokele.org\/?page_id=40"},"modified":"2016-07-14T16:34:53","modified_gmt":"2016-07-14T16:34:53","slug":"bogolan","status":"publish","type":"page","link":"https:\/\/fasokele.org\/?page_id=40","title":{"rendered":"Bogolan-F\u00e4rbetechnik"},"content":{"rendered":"<p><\/p>\n<p style=\"text-align: justify;\">Bogolan ist die Kunst der nat\u00fcrlichen und traditionell afrikanischen (speziell mandengischen) Stoff-F\u00e4rbeweise. Es ist ein sch\u00fctzendes und gesundheitsf\u00f6rderndes Kleidungsst\u00fcck, weil der Stoff handgemacht und zu 100% aus Baumwolle ist. Die Hauptwerkstoffe sind: Lehm, Pflanzen und Sonne. Bogolan ist ein zukunftsweisendes Produkt, da es keine negativen Auswirkungen auf die Natur besitzt.<br \/>\nUnsere Bogolan-Produkte sind zeitgen\u00f6ssisch und rein nat\u00fcrlich. Neben stilistischen Kleidungsst\u00fccken stellen wir au\u00dferdem vielf\u00e4ltige Accessoires, Einrichtungs- und Dekorationsgegenst\u00e4nde her. Zus\u00e4tzlich k\u00f6nnen auch kleinere, unvern\u00e4hte Stoffbahnen bei uns erworben werden.<\/p>\n<p><a href=\"http:\/\/www.fasokele.org\/wp-content\/uploads\/2014\/12\/Bogolonherstellung-neu.jpg\"><img decoding=\"async\" loading=\"lazy\" class=\"  wp-image-308 aligncenter\" src=\"http:\/\/www.fasokele.org\/wp-content\/uploads\/2014\/12\/Bogolonherstellung-neu-300x267.jpg\" alt=\"Bogolonherstellung-neu\" width=\"270\" height=\"240\" srcset=\"https:\/\/fasokele.org\/wp-content\/uploads\/2014\/12\/Bogolonherstellung-neu-300x267.jpg 300w, https:\/\/fasokele.org\/wp-content\/uploads\/2014\/12\/Bogolonherstellung-neu-1024x910.jpg 1024w, https:\/\/fasokele.org\/wp-content\/uploads\/2014\/12\/Bogolonherstellung-neu.jpg 1590w\" sizes=\"(max-width: 270px) 100vw, 270px\" \/><\/a><\/p>\n<p style=\"text-align: center;\"><a href=\"http:\/\/www.fasokele.org\/wp-content\/uploads\/2014\/12\/T-Shirt.jpg\"><img decoding=\"async\" loading=\"lazy\" class=\"  wp-image-309 alignleft\" src=\"http:\/\/www.fasokele.org\/wp-content\/uploads\/2014\/12\/T-Shirt-300x225.jpg\" alt=\"T-Shirt\" width=\"255\" height=\"191\" srcset=\"https:\/\/fasokele.org\/wp-content\/uploads\/2014\/12\/T-Shirt-300x225.jpg 300w, https:\/\/fasokele.org\/wp-content\/uploads\/2014\/12\/T-Shirt-1024x768.jpg 1024w, https:\/\/fasokele.org\/wp-content\/uploads\/2014\/12\/T-Shirt.jpg 2048w\" sizes=\"(max-width: 255px) 100vw, 255px\" \/><\/a> <a href=\"http:\/\/www.fasokele.org\/wp-content\/uploads\/2014\/12\/Bogolon-design.jpg\"><img decoding=\"async\" loading=\"lazy\" class=\"alignright  wp-image-307\" src=\"http:\/\/www.fasokele.org\/wp-content\/uploads\/2014\/12\/Bogolon-design-300x225.jpg\" alt=\"Bogolon-design\" width=\"255\" height=\"191\" srcset=\"https:\/\/fasokele.org\/wp-content\/uploads\/2014\/12\/Bogolon-design-300x225.jpg 300w, https:\/\/fasokele.org\/wp-content\/uploads\/2014\/12\/Bogolon-design-1024x768.jpg 1024w, https:\/\/fasokele.org\/wp-content\/uploads\/2014\/12\/Bogolon-design.jpg 2048w\" sizes=\"(max-width: 255px) 100vw, 255px\" \/><\/a>Die Herstellung des Bogolans erfolgt in zwei Etappen. Es beginnt damit, dass der Stoff in ein bestimmtes Pflanzenextrakt eingeweicht und anschlie\u00dfend in der Sonne getrocknet wird. Daraufhin wird der eingef\u00e4rbte Stoff mit dem gew\u00fcnschten Design mittels einer Lehmmischung bemalt. Dieser Prozess muss mehrere Male wiederholt werden, um eine sch\u00f6ne und langlebige Farbintensit\u00e4t zu erhalten.<\/p>\n<p><\/p>","protected":false},"excerpt":{"rendered":"<p>Bogolan ist die Kunst der nat\u00fcrlichen und traditionell afrikanischen (speziell mandengischen) Stoff-F\u00e4rbeweise. Es ist ein sch\u00fctzendes und gesundheitsf\u00f6rderndes Kleidungsst\u00fcck, weil der Stoff handgemacht und zu 100% aus Baumwolle ist. Die Hauptwerkstoffe sind: Lehm, Pflanzen und Sonne. Bogolan ist ein zukunftsweisendes Produkt, da es keine negativen Auswirkungen auf die Natur besitzt. Unsere Bogolan-Produkte sind zeitgen\u00f6ssisch und &hellip; <a href=\"https:\/\/fasokele.org\/?page_id=40\" class=\"more-link\"><span class=\"screen-reader-text\">Bogolan-F\u00e4rbetechnik<\/span> weiterlesen <span class=\"meta-nav\">&rarr;<\/span><\/a><\/p>\n","protected":false},"author":1,"featured_media":0,"parent":36,"menu_order":1,"comment_status":"closed","ping_status":"closed","template":"","meta":[],"_links":{"self":[{"href":"https:\/\/fasokele.org\/index.php?rest_route=\/wp\/v2\/pages\/40"}],"collection":[{"href":"https:\/\/fasokele.org\/index.php?rest_route=\/wp\/v2\/pages"}],"about":[{"href":"https:\/\/fasokele.org\/index.php?rest_route=\/wp\/v2\/types\/page"}],"author":[{"embeddable":true,"href":"https:\/\/fasokele.org\/index.php?rest_route=\/wp\/v2\/users\/1"}],"replies":[{"embeddable":true,"href":"https:\/\/fasokele.org\/index.php?rest_route=%2Fwp%2Fv2%2Fcomments&post=40"}],"version-history":[{"count":14,"href":"https:\/\/fasokele.org\/index.php?rest_route=\/wp\/v2\/pages\/40\/revisions"}],"predecessor-version":[{"id":679,"href":"https:\/\/fasokele.org\/index.php?rest_route=\/wp\/v2\/pages\/40\/revisions\/679"}],"up":[{"embeddable":true,"href":"https:\/\/fasokele.org\/index.php?rest_route=\/wp\/v2\/pages\/36"}],"wp:attachment":[{"href":"https:\/\/fasokele.org\/index.php?rest_route=%2Fwp%2Fv2%2Fmedia&parent=40"}],"curies":[{"name":"wp","href":"https:\/\/api.w.org\/{rel}","templated":true}]}}