{"id":42,"date":"2014-12-06T17:26:16","date_gmt":"2014-12-06T17:26:16","guid":{"rendered":"http:\/\/www.fasokele.org\/?page_id=42"},"modified":"2015-03-20T11:41:28","modified_gmt":"2015-03-20T11:41:28","slug":"hoerspiel","status":"publish","type":"page","link":"https:\/\/fasokele.org\/?page_id=42","title":{"rendered":"Welt ohne Grenzen*3"},"content":{"rendered":"<p><\/p>\n<p style=\"text-align: left;\"><a href=\"http:\/\/www.fasokele.org\/wp-content\/uploads\/2014\/12\/cdcover-H\u00f6rspiel.png\"><img decoding=\"async\" loading=\"lazy\" class=\"alignleft wp-image-62 size-medium\" src=\"http:\/\/www.fasokele.org\/wp-content\/uploads\/2014\/12\/cdcover-H\u00f6rspiel-300x300.png\" alt=\"CD-Cover\" width=\"300\" height=\"300\" srcset=\"https:\/\/fasokele.org\/wp-content\/uploads\/2014\/12\/cdcover-H\u00f6rspiel-300x300.png 300w, https:\/\/fasokele.org\/wp-content\/uploads\/2014\/12\/cdcover-H\u00f6rspiel-150x150.png 150w, https:\/\/fasokele.org\/wp-content\/uploads\/2014\/12\/cdcover-H\u00f6rspiel-1024x1024.png 1024w, https:\/\/fasokele.org\/wp-content\/uploads\/2014\/12\/cdcover-H\u00f6rspiel.png 1436w\" sizes=\"(max-width: 300px) 100vw, 300px\" \/><\/a><span style=\"color: #003300;\">Mali 2014 \u2013 auf zum Besuch nach Deutschland: Der Visumantrag ist gestellt, die Verpflichtungserkl\u00e4rung abgegeben, das Hin- und R\u00fcckflugticket sowie die Reisekrankenversicherung gebucht \u2026 Wochen sp\u00e4ter \u2026 Ablehnungsbescheid! Wieso? Hat nicht jeder Mensch das Recht sein Land zu verlassen? Warum k\u00f6nnen Einreisevisa verweigert werden, obwohl alle erforderlichen Unterlagen vorliegen?<\/span><\/p>\n<p style=\"text-align: justify;\"><span style=\"color: #003300;\">\u00a0In dieser dokumentarischen H\u00f6rspiel-Produktion werden eigene musikalische Kompositionen mit b\u00fcrokratischen Texten, szenischem Spiel und tats\u00e4chlichen Fakten k\u00fcnstlerisch miteinander verwoben, um den Zuh\u00f6renden die Ohren f\u00fcr die Skurrilit\u00e4ten europ\u00e4ischer Migrationspolitik zu \u00f6ffnen.<\/span><\/p>\n<!--[if lt IE 9]><script>document.createElement('audio');<\/script><![endif]-->\n<audio class=\"wp-audio-shortcode\" id=\"audio-42-1\" preload=\"none\" style=\"width: 100%;\" controls=\"controls\"><source type=\"audio\/mpeg\" src=\"http:\/\/www.fasokele.org\/wp-content\/uploads\/2014\/12\/Deutsche-Version.mp3?_=1\" \/><a href=\"http:\/\/www.fasokele.org\/wp-content\/uploads\/2014\/12\/Deutsche-Version.mp3\">http:\/\/www.fasokele.org\/wp-content\/uploads\/2014\/12\/Deutsche-Version.mp3<\/a><\/audio>\n<p><span style=\"color: #003300;\"><strong>Sendetermine:<\/strong><\/span><\/p>\n<p><span style=\"color: #003300;\"><em><a style=\"color: #003300; text-decoration: underline;\" href=\"http:\/\/www.radiokayira.info\/\" target=\"_blank\">Radio Kayira<\/a>:<\/em> 4.12.2014 &#8211; 14 Uhr (malische Zeit; mit Interview)<\/span><\/p>\n<p><span style=\"color: #003300;\"><em><a style=\"color: #003300; text-decoration: underline;\" href=\"http:\/\/www.radioflora.de\/\" target=\"_blank\">Radio Flora<\/a>: <\/em>7.12.2014 &#8211; 14 Uhr; 9.12.2014 &#8211; 16 Uhr + 22 Uhr<\/span><\/p>\n<p><span style=\"color: #003300;\"><em><span style=\"text-decoration: underline;\"><a style=\"color: #003300; text-decoration: underline;\" href=\"http:\/\/www.radioblau.de\/\" target=\"_blank\">Radio Blau<\/a><\/span>: <\/em>20.12.2014 &#8211; 14 Uhr<\/span><\/p>\n<p><span style=\"color: #003300;\"><em>Radio Tapita: 21<\/em>.12.2014 &#8211; 16 Uhr (malische Zeit; mit Interview)<\/span><\/p>\n<p><span style=\"color: #003300;\"><em><a style=\"color: #003300; text-decoration: underline;\" href=\"http:\/\/www.fsk-hh.org\/\" target=\"_blank\">Radio FSK<\/a>: <\/em>1.1.2015 &#8211; 11 Uhr<\/span><\/p>\n<p><span style=\"color: #003300;\">\u00a0<\/span><\/p>\n<p><span style=\"color: #003300;\">Gef\u00f6rdert von der:<\/span><\/p>\n<p><a href=\"http:\/\/www.rosalux.de\" target=\"_blank\"><img decoding=\"async\" loading=\"lazy\" class=\"alignnone size-medium wp-image-68\" src=\"http:\/\/www.fasokele.org\/wp-content\/uploads\/2014\/12\/RLS_Logo-einzeilig-block_oben_de-300x66.jpg\" alt=\"RLS_Logo-einzeilig-block_oben_de\" width=\"300\" height=\"66\" srcset=\"https:\/\/fasokele.org\/wp-content\/uploads\/2014\/12\/RLS_Logo-einzeilig-block_oben_de-300x66.jpg 300w, https:\/\/fasokele.org\/wp-content\/uploads\/2014\/12\/RLS_Logo-einzeilig-block_oben_de.jpg 500w\" sizes=\"(max-width: 300px) 100vw, 300px\" \/><\/a><\/p>","protected":false},"excerpt":{"rendered":"<p>Mali 2014 \u2013 auf zum Besuch nach Deutschland: Der Visumantrag ist gestellt, die Verpflichtungserkl\u00e4rung abgegeben, das Hin- und R\u00fcckflugticket sowie die Reisekrankenversicherung gebucht \u2026 Wochen sp\u00e4ter \u2026 Ablehnungsbescheid! Wieso? Hat nicht jeder Mensch das Recht sein Land zu verlassen? Warum k\u00f6nnen Einreisevisa verweigert werden, obwohl alle erforderlichen Unterlagen vorliegen? \u00a0In dieser dokumentarischen H\u00f6rspiel-Produktion werden eigene &hellip; <a href=\"https:\/\/fasokele.org\/?page_id=42\" class=\"more-link\"><span class=\"screen-reader-text\">Welt ohne Grenzen*3<\/span> weiterlesen <span class=\"meta-nav\">&rarr;<\/span><\/a><\/p>\n","protected":false},"author":1,"featured_media":0,"parent":26,"menu_order":2,"comment_status":"closed","ping_status":"closed","template":"","meta":[],"_links":{"self":[{"href":"https:\/\/fasokele.org\/index.php?rest_route=\/wp\/v2\/pages\/42"}],"collection":[{"href":"https:\/\/fasokele.org\/index.php?rest_route=\/wp\/v2\/pages"}],"about":[{"href":"https:\/\/fasokele.org\/index.php?rest_route=\/wp\/v2\/types\/page"}],"author":[{"embeddable":true,"href":"https:\/\/fasokele.org\/index.php?rest_route=\/wp\/v2\/users\/1"}],"replies":[{"embeddable":true,"href":"https:\/\/fasokele.org\/index.php?rest_route=%2Fwp%2Fv2%2Fcomments&post=42"}],"version-history":[{"count":31,"href":"https:\/\/fasokele.org\/index.php?rest_route=\/wp\/v2\/pages\/42\/revisions"}],"predecessor-version":[{"id":278,"href":"https:\/\/fasokele.org\/index.php?rest_route=\/wp\/v2\/pages\/42\/revisions\/278"}],"up":[{"embeddable":true,"href":"https:\/\/fasokele.org\/index.php?rest_route=\/wp\/v2\/pages\/26"}],"wp:attachment":[{"href":"https:\/\/fasokele.org\/index.php?rest_route=%2Fwp%2Fv2%2Fmedia&parent=42"}],"curies":[{"name":"wp","href":"https:\/\/api.w.org\/{rel}","templated":true}]}}