{"id":44,"date":"2014-12-06T17:27:05","date_gmt":"2014-12-06T17:27:05","guid":{"rendered":"http:\/\/www.fasokele.org\/?page_id=44"},"modified":"2015-11-04T22:02:36","modified_gmt":"2015-11-04T22:02:36","slug":"theater","status":"publish","type":"page","link":"https:\/\/fasokele.org\/?page_id=44","title":{"rendered":"Welt ohne Grenzen*2"},"content":{"rendered":"<p><\/p>\n<p style=\"text-align: justify;\"><span style=\"color: #ffff99;\"><a style=\"color: #ffff99;\" href=\"http:\/\/www.fasokele.org\/wp-content\/uploads\/2014\/12\/Bild1a.jpg\"><img decoding=\"async\" loading=\"lazy\" class=\"alignleft wp-image-73 size-medium\" src=\"http:\/\/www.fasokele.org\/wp-content\/uploads\/2014\/12\/Bild1a-204x300.jpg\" alt=\"Welt ohne Grenzen*2\" width=\"204\" height=\"300\" srcset=\"https:\/\/fasokele.org\/wp-content\/uploads\/2014\/12\/Bild1a-204x300.jpg 204w, https:\/\/fasokele.org\/wp-content\/uploads\/2014\/12\/Bild1a.jpg 502w\" sizes=\"(max-width: 204px) 100vw, 204px\" \/><\/a><span style=\"color: #003300;\">Eure Sicht ist versperrt\u2026 versperrt durch Trassierband.<\/span><\/span><br \/>\n<span style=\"color: #003300;\"> Meine H\u00e4nde liegen in Fesseln\u2026 in den Fesseln der B\u00fcrokratie.<\/span><br \/>\n<span style=\"color: #003300;\"> Seine Antworten sind limitiert\u2026 limitiert auf Paragraphen.<\/span><br \/>\n<span style=\"color: #003300;\"> Unsere Aktivit\u00e4ten sind blockiert\u2026 blockiert durch Willk\u00fcr, \u00e4h pflichtgem\u00e4\u00dfes Ermessen.<\/span><br \/>\n<span style=\"color: #003300;\"> Wo h\u00f6re ich auf und wo f\u00e4ngst du an?<\/span><\/p>\n<p style=\"text-align: justify;\"><span style=\"color: #003300;\"> Welt ohne Grenzen*2 ist eine hybridkulturelle Performance, ein interdisziplin\u00e4res Theaterst\u00fcck, welches Grenzen zwischen Europa und Afrika aufzeigt und problematisiert, kulturelle, politische und konventionelle Grenzen hinterfragt und zur Grenz\u00fcberschreitung einl\u00e4dt. Es ist ein dokumentarisches St\u00fcck, welches unterschiedliche k\u00fcnstlerische Elemente (Musik, Tanz, Installation, Video und Narration) beinhaltet.<\/span><\/p>\n<p><iframe loading=\"lazy\" title=\"Welt ohne Grenzen *2\" src=\"https:\/\/player.vimeo.com\/video\/77952994?h=b680e5cd71&amp;dnt=1&amp;app_id=122963\" width=\"474\" height=\"267\" frameborder=\"0\" allow=\"autoplay; fullscreen; picture-in-picture\" allowfullscreen><\/iframe><\/p>\n<p><span style=\"color: #003300;\">Die Performance wurde im Sommer 2013 zwei Mal auf Kampnagel in Hamburg und ein Mal im Renaissanceschloss in Ponitz aufgef\u00fchrt.<\/span><\/p>","protected":false},"excerpt":{"rendered":"<p>Eure Sicht ist versperrt\u2026 versperrt durch Trassierband. Meine H\u00e4nde liegen in Fesseln\u2026 in den Fesseln der B\u00fcrokratie. Seine Antworten sind limitiert\u2026 limitiert auf Paragraphen. Unsere Aktivit\u00e4ten sind blockiert\u2026 blockiert durch Willk\u00fcr, \u00e4h pflichtgem\u00e4\u00dfes Ermessen. Wo h\u00f6re ich auf und wo f\u00e4ngst du an? Welt ohne Grenzen*2 ist eine hybridkulturelle Performance, ein interdisziplin\u00e4res Theaterst\u00fcck, welches Grenzen &hellip; <a href=\"https:\/\/fasokele.org\/?page_id=44\" class=\"more-link\"><span class=\"screen-reader-text\">Welt ohne Grenzen*2<\/span> weiterlesen <span class=\"meta-nav\">&rarr;<\/span><\/a><\/p>\n","protected":false},"author":1,"featured_media":0,"parent":26,"menu_order":1,"comment_status":"closed","ping_status":"closed","template":"","meta":[],"_links":{"self":[{"href":"https:\/\/fasokele.org\/index.php?rest_route=\/wp\/v2\/pages\/44"}],"collection":[{"href":"https:\/\/fasokele.org\/index.php?rest_route=\/wp\/v2\/pages"}],"about":[{"href":"https:\/\/fasokele.org\/index.php?rest_route=\/wp\/v2\/types\/page"}],"author":[{"embeddable":true,"href":"https:\/\/fasokele.org\/index.php?rest_route=\/wp\/v2\/users\/1"}],"replies":[{"embeddable":true,"href":"https:\/\/fasokele.org\/index.php?rest_route=%2Fwp%2Fv2%2Fcomments&post=44"}],"version-history":[{"count":20,"href":"https:\/\/fasokele.org\/index.php?rest_route=\/wp\/v2\/pages\/44\/revisions"}],"predecessor-version":[{"id":489,"href":"https:\/\/fasokele.org\/index.php?rest_route=\/wp\/v2\/pages\/44\/revisions\/489"}],"up":[{"embeddable":true,"href":"https:\/\/fasokele.org\/index.php?rest_route=\/wp\/v2\/pages\/26"}],"wp:attachment":[{"href":"https:\/\/fasokele.org\/index.php?rest_route=%2Fwp%2Fv2%2Fmedia&parent=44"}],"curies":[{"name":"wp","href":"https:\/\/api.w.org\/{rel}","templated":true}]}}