{"id":46,"date":"2014-12-06T17:31:13","date_gmt":"2014-12-06T17:31:13","guid":{"rendered":"http:\/\/www.fasokele.org\/?page_id=46"},"modified":"2015-11-16T21:19:19","modified_gmt":"2015-11-16T21:19:19","slug":"festival","status":"publish","type":"page","link":"https:\/\/fasokele.org\/?page_id=46","title":{"rendered":"Festival"},"content":{"rendered":"<p><\/p>\n<p style=\"text-align: justify;\"><span style=\"color: #003300;\"><a href=\"http:\/\/www.fasokele.org\/wp-content\/uploads\/2014\/12\/CIMG7539-2.jpg\"><img decoding=\"async\" loading=\"lazy\" class=\"  wp-image-173 alignleft\" src=\"http:\/\/www.fasokele.org\/wp-content\/uploads\/2014\/12\/CIMG7539-2-1024x914.jpg\" alt=\"CIMG7539 (2)\" width=\"289\" height=\"258\" srcset=\"https:\/\/fasokele.org\/wp-content\/uploads\/2014\/12\/CIMG7539-2-1024x914.jpg 1024w, https:\/\/fasokele.org\/wp-content\/uploads\/2014\/12\/CIMG7539-2-300x268.jpg 300w, https:\/\/fasokele.org\/wp-content\/uploads\/2014\/12\/CIMG7539-2.jpg 1721w\" sizes=\"(max-width: 289px) 100vw, 289px\" \/><\/a>Seit dem Jahr 2012 organisieren wir j\u00e4hrlich das kulturelle Festival \u201eWelt ohne Grenzen\u201c. Im Zeitalter der Globalisierung und mit der \u00dcberzeugung, dass eine gerechtere Welt m\u00f6glich ist, wollen wir damit soziale, kulturelle und nationale Grenzen \u00fcberwinden und f\u00fcr eine solidarische, friedfertige und gleichberechtigte Gesellschaft eintreten. Au\u00dferdem ist es uns ein wichtiges Anliegen Kunst als freies und inspirierendes Ausdrucksmittel zu f\u00f6rdern.<a style=\"color: #003300;\" href=\"http:\/\/www.fasokele.org\/wp-content\/uploads\/2014\/12\/CIMG7540-2.jpg\"><img decoding=\"async\" loading=\"lazy\" class=\"  wp-image-174 alignright\" src=\"http:\/\/www.fasokele.org\/wp-content\/uploads\/2014\/12\/CIMG7540-2-300x239.jpg\" alt=\"CIMG7540 (2)\" width=\"362\" height=\"288\" srcset=\"https:\/\/fasokele.org\/wp-content\/uploads\/2014\/12\/CIMG7540-2-300x239.jpg 300w, https:\/\/fasokele.org\/wp-content\/uploads\/2014\/12\/CIMG7540-2-1024x814.jpg 1024w, https:\/\/fasokele.org\/wp-content\/uploads\/2014\/12\/CIMG7540-2.jpg 1743w\" sizes=\"(max-width: 362px) 100vw, 362px\" \/><\/a><\/span><\/p>\n<p style=\"text-align: justify;\">\n<p style=\"text-align: justify;\"><span style=\"color: #003300;\">Alle Menschen vor Ort k\u00f6nnen bei dem Festival auf unterschiedliche Weise partizipieren: Junge Musiker haben die M\u00f6glichkeit ihre neusten Songs zu pr\u00e4sentieren. Jugendliche k\u00f6nnen eine Choreografie einstudieren oder an einem Theaterst\u00fcck mitarbeiten und vor dem Publikum vorf\u00fchren. Kunstobjekte und -handwerk haben bei einer Ausstellung ihren Platz und Kinder sind ganz besonders willkommen. Zus\u00e4tzlich werden Vortr\u00e4ge mit Diskussionen, Workshops und Filmvorf\u00fchrungen angeboten. Vor dem Hintergrund allen Menschen den Zugang zu Kunst und Kultur zu erm\u00f6glichen, ist die Beteiligung kostenlos und beruht auf Freiwilligkeit. Es sind explizit K\u00fcnstler und K\u00fcnstlerinnen sowie interessierte Organisationen und Personen eingeladen, sich und ihre Idee von einer Welt ohne Grenzen zu pr\u00e4sentieren.<\/span><br \/>\n<span style=\"color: #003300;\"> W\u00e4hrend des Festivals geben wir eigene Konzerte und performen theatrale Auseinandersetzungen zu den Themen Migration, Umwelt- und Ressourcenschutz sowie internationale Solidarit\u00e4t. Wir wollen mit Menschen egal welchen Status&#8217;, egal welchen Alters und Geschlechts, und egal welcher Herkunft und Hautfarbe in einen k\u00fcnstlerischen, politischen und spirituellen Austausch treten. Deshalb ist es Programm des Festivals die Orte und L\u00e4nder des Geschehens zu wechseln, eine Welt ohne Grenzen nicht nur zu proklamieren, sondern auch zu performen.<\/span><\/p>\n<p><\/p>","protected":false},"excerpt":{"rendered":"<p>Seit dem Jahr 2012 organisieren wir j\u00e4hrlich das kulturelle Festival \u201eWelt ohne Grenzen\u201c. Im Zeitalter der Globalisierung und mit der \u00dcberzeugung, dass eine gerechtere Welt m\u00f6glich ist, wollen wir damit soziale, kulturelle und nationale Grenzen \u00fcberwinden und f\u00fcr eine solidarische, friedfertige und gleichberechtigte Gesellschaft eintreten. Au\u00dferdem ist es uns ein wichtiges Anliegen Kunst als freies &hellip; <a href=\"https:\/\/fasokele.org\/?page_id=46\" class=\"more-link\"><span class=\"screen-reader-text\">Festival<\/span> weiterlesen <span class=\"meta-nav\">&rarr;<\/span><\/a><\/p>\n","protected":false},"author":1,"featured_media":0,"parent":0,"menu_order":7,"comment_status":"closed","ping_status":"closed","template":"","meta":[],"_links":{"self":[{"href":"https:\/\/fasokele.org\/index.php?rest_route=\/wp\/v2\/pages\/46"}],"collection":[{"href":"https:\/\/fasokele.org\/index.php?rest_route=\/wp\/v2\/pages"}],"about":[{"href":"https:\/\/fasokele.org\/index.php?rest_route=\/wp\/v2\/types\/page"}],"author":[{"embeddable":true,"href":"https:\/\/fasokele.org\/index.php?rest_route=\/wp\/v2\/users\/1"}],"replies":[{"embeddable":true,"href":"https:\/\/fasokele.org\/index.php?rest_route=%2Fwp%2Fv2%2Fcomments&post=46"}],"version-history":[{"count":17,"href":"https:\/\/fasokele.org\/index.php?rest_route=\/wp\/v2\/pages\/46\/revisions"}],"predecessor-version":[{"id":170,"href":"https:\/\/fasokele.org\/index.php?rest_route=\/wp\/v2\/pages\/46\/revisions\/170"}],"wp:attachment":[{"href":"https:\/\/fasokele.org\/index.php?rest_route=%2Fwp%2Fv2%2Fmedia&parent=46"}],"curies":[{"name":"wp","href":"https:\/\/api.w.org\/{rel}","templated":true}]}}