{"id":843,"date":"2016-10-26T22:12:16","date_gmt":"2016-10-26T22:12:16","guid":{"rendered":"http:\/\/www.fasokele.org\/?page_id=843"},"modified":"2016-10-29T09:52:34","modified_gmt":"2016-10-29T09:52:34","slug":"2016-2","status":"publish","type":"page","link":"https:\/\/fasokele.org\/?page_id=843","title":{"rendered":"2016"},"content":{"rendered":"<p><\/p>\n<p lang=\"de-DE\" align=\"JUSTIFY\"><span style=\"font-family: Verdana,sans-serif;\"><span style=\"font-size: medium;\">Seit nunmehr 5 Jahren organisieren wir unser Festival \u201eWelt ohne Grenzen\u201c. So zelebrierten wir es auch dieses Jahr in Malis Hauptstadt Bamako.<\/span><\/span><\/p>\n<p lang=\"de-DE\" align=\"JUSTIFY\"><a href=\"http:\/\/www.fasokele.org\/wp-content\/uploads\/2015\/02\/BANDEROLE-e1453837290911.jpg\"><img decoding=\"async\" loading=\"lazy\" class=\"aligncenter size-large wp-image-631\" src=\"http:\/\/www.fasokele.org\/wp-content\/uploads\/2015\/02\/BANDEROLE-e1453837290911-1024x537.jpg\" alt=\"BANDEROLE\" width=\"960\" height=\"503\" srcset=\"https:\/\/fasokele.org\/wp-content\/uploads\/2015\/02\/BANDEROLE-e1453837290911-1024x537.jpg 1024w, https:\/\/fasokele.org\/wp-content\/uploads\/2015\/02\/BANDEROLE-e1453837290911-300x157.jpg 300w, https:\/\/fasokele.org\/wp-content\/uploads\/2015\/02\/BANDEROLE-e1453837290911.jpg 1037w\" sizes=\"(max-width: 960px) 100vw, 960px\" \/><\/a><\/p>\n<p lang=\"de-DE\" align=\"JUSTIFY\"><span style=\"font-family: Verdana,sans-serif;\"><span style=\"font-size: medium;\">Bereits Mitte Januar laufen die Aktivit\u00e4ten auf Hochtouren. So fand am 15. Januar 2016 eine Pressekonferenz statt, um das Festival vorzustellen und zu bewerben. Mit dabei waren folgende schriftlichen und audiovisuellen Medien: ORTM (malisches Fernsehen), Renouveau FM, Dj\u00e8kafo, Radio Ka<span style=\"font-family: Verdana,sans-serif;\">\u00ef<\/span>ra (ein Radiosender der mit Unterst\u00fctzung der Rosa-Luxemburg-Stiftung gegr\u00fcndet wurde), journal le combat, journal le soleil und journal l&#8217;ind\u00e9pendant.<\/span><\/span><\/p>\n<p><iframe loading=\"lazy\" title=\"TOUNKARA; CONFERENCE de FESTIVAL MONDE SANS FRONTIERE\" width=\"474\" height=\"356\" src=\"https:\/\/www.youtube.com\/embed\/9xsDZB5OLJU?feature=oembed\" frameborder=\"0\" allow=\"accelerometer; autoplay; clipboard-write; encrypted-media; gyroscope; picture-in-picture; web-share\" allowfullscreen><\/iframe><\/p>\n<p lang=\"de-DE\" align=\"JUSTIFY\"><span style=\"font-family: Verdana,sans-serif;\"><span style=\"font-size: medium;\">Er\u00f6ffnet wurde das Festival am 05.02.2016 in dem Stadtviertel Magnambougou \u2013 Bozobougou, dem Geburtsort nicht nur von uns, Faso Kele, sondern auch von der allerersten Auflage des Festivals.<\/span><\/span><\/p>\n<p lang=\"de-DE\" align=\"JUSTIFY\"><a href=\"http:\/\/www.fasokele.org\/wp-content\/uploads\/2016\/10\/cite-de-festival-\u00e0-magnambougou.jpg\"><img decoding=\"async\" loading=\"lazy\" class=\"  wp-image-844 alignnone\" src=\"http:\/\/www.fasokele.org\/wp-content\/uploads\/2016\/10\/cite-de-festival-\u00e0-magnambougou.jpg\" alt=\"cite-de-festival-a-magnambougou\" width=\"251\" height=\"127\" srcset=\"https:\/\/fasokele.org\/wp-content\/uploads\/2016\/10\/cite-de-festival-\u00e0-magnambougou.jpg 978w, https:\/\/fasokele.org\/wp-content\/uploads\/2016\/10\/cite-de-festival-\u00e0-magnambougou-300x152.jpg 300w\" sizes=\"(max-width: 251px) 100vw, 251px\" \/><\/a> <a href=\"http:\/\/www.fasokele.org\/wp-content\/uploads\/2016\/10\/gbassycolo.jpg\"><img decoding=\"async\" loading=\"lazy\" class=\"  wp-image-845 alignnone\" src=\"http:\/\/www.fasokele.org\/wp-content\/uploads\/2016\/10\/gbassycolo-1024x768.jpg\" alt=\"gbassycolo\" width=\"169\" height=\"127\" srcset=\"https:\/\/fasokele.org\/wp-content\/uploads\/2016\/10\/gbassycolo-1024x768.jpg 1024w, https:\/\/fasokele.org\/wp-content\/uploads\/2016\/10\/gbassycolo-300x225.jpg 300w, https:\/\/fasokele.org\/wp-content\/uploads\/2016\/10\/gbassycolo.jpg 1037w\" sizes=\"(max-width: 169px) 100vw, 169px\" \/><\/a> <a href=\"http:\/\/www.fasokele.org\/wp-content\/uploads\/2016\/10\/jolie-publique-4.jpg\"><img decoding=\"async\" loading=\"lazy\" class=\"  wp-image-851 alignnone\" src=\"http:\/\/www.fasokele.org\/wp-content\/uploads\/2016\/10\/jolie-publique-4-1024x768.jpg\" alt=\"jolie-publique-4\" width=\"170\" height=\"127\" srcset=\"https:\/\/fasokele.org\/wp-content\/uploads\/2016\/10\/jolie-publique-4-1024x768.jpg 1024w, https:\/\/fasokele.org\/wp-content\/uploads\/2016\/10\/jolie-publique-4-300x225.jpg 300w, https:\/\/fasokele.org\/wp-content\/uploads\/2016\/10\/jolie-publique-4.jpg 1037w\" sizes=\"(max-width: 170px) 100vw, 170px\" \/><\/a><\/p>\n<p lang=\"de-DE\" align=\"JUSTIFY\"><a href=\"http:\/\/www.fasokele.org\/wp-content\/uploads\/2016\/10\/mande-percussion.jpg\"><img decoding=\"async\" loading=\"lazy\" class=\"  wp-image-854 alignnone\" src=\"http:\/\/www.fasokele.org\/wp-content\/uploads\/2016\/10\/mande-percussion-1024x768.jpg\" alt=\"mande-percussion\" width=\"135\" height=\"102\" srcset=\"https:\/\/fasokele.org\/wp-content\/uploads\/2016\/10\/mande-percussion-1024x768.jpg 1024w, https:\/\/fasokele.org\/wp-content\/uploads\/2016\/10\/mande-percussion-300x225.jpg 300w, https:\/\/fasokele.org\/wp-content\/uploads\/2016\/10\/mande-percussion.jpg 1037w\" sizes=\"(max-width: 135px) 100vw, 135px\" \/><\/a> <a href=\"http:\/\/www.fasokele.org\/wp-content\/uploads\/2016\/10\/mande-percussion-danse.jpg\"><img decoding=\"async\" loading=\"lazy\" class=\"  wp-image-853 alignnone\" src=\"http:\/\/www.fasokele.org\/wp-content\/uploads\/2016\/10\/mande-percussion-danse.jpg\" alt=\"DCIM100MEDIA\" width=\"181\" height=\"102\" srcset=\"https:\/\/fasokele.org\/wp-content\/uploads\/2016\/10\/mande-percussion-danse.jpg 512w, https:\/\/fasokele.org\/wp-content\/uploads\/2016\/10\/mande-percussion-danse-300x169.jpg 300w\" sizes=\"(max-width: 181px) 100vw, 181px\" \/><\/a> <a href=\"http:\/\/www.fasokele.org\/wp-content\/uploads\/2016\/10\/jolie-publique-3.jpg\"><img decoding=\"async\" loading=\"lazy\" class=\"  wp-image-850 alignnone\" src=\"http:\/\/www.fasokele.org\/wp-content\/uploads\/2016\/10\/jolie-publique-3-1024x768.jpg\" alt=\"jolie-publique-3\" width=\"138\" height=\"104\" srcset=\"https:\/\/fasokele.org\/wp-content\/uploads\/2016\/10\/jolie-publique-3-1024x768.jpg 1024w, https:\/\/fasokele.org\/wp-content\/uploads\/2016\/10\/jolie-publique-3-300x225.jpg 300w, https:\/\/fasokele.org\/wp-content\/uploads\/2016\/10\/jolie-publique-3.jpg 1037w\" sizes=\"(max-width: 138px) 100vw, 138px\" \/> <\/a><a href=\"http:\/\/www.fasokele.org\/wp-content\/uploads\/2016\/10\/american.jpg\"><img decoding=\"async\" loading=\"lazy\" class=\"  wp-image-857 alignnone\" src=\"http:\/\/www.fasokele.org\/wp-content\/uploads\/2016\/10\/american-1024x768.jpg\" alt=\"american\" width=\"136\" height=\"102\" srcset=\"https:\/\/fasokele.org\/wp-content\/uploads\/2016\/10\/american-1024x768.jpg 1024w, https:\/\/fasokele.org\/wp-content\/uploads\/2016\/10\/american-300x225.jpg 300w, https:\/\/fasokele.org\/wp-content\/uploads\/2016\/10\/american.jpg 1037w\" sizes=\"(max-width: 136px) 100vw, 136px\" \/><\/a><\/p>\n<p lang=\"de-DE\" align=\"JUSTIFY\"><a href=\"http:\/\/www.fasokele.org\/wp-content\/uploads\/2016\/10\/jolie-publique-2.jpg\"><img decoding=\"async\" loading=\"lazy\" class=\"  wp-image-849 alignnone\" src=\"http:\/\/www.fasokele.org\/wp-content\/uploads\/2016\/10\/jolie-publique-2-1024x768.jpg\" alt=\"jolie-publique-2\" width=\"145\" height=\"109\" srcset=\"https:\/\/fasokele.org\/wp-content\/uploads\/2016\/10\/jolie-publique-2-1024x768.jpg 1024w, https:\/\/fasokele.org\/wp-content\/uploads\/2016\/10\/jolie-publique-2-300x225.jpg 300w, https:\/\/fasokele.org\/wp-content\/uploads\/2016\/10\/jolie-publique-2.jpg 1037w\" sizes=\"(max-width: 145px) 100vw, 145px\" \/><\/a> <a href=\"http:\/\/www.fasokele.org\/wp-content\/uploads\/2016\/10\/intervention-europ\u00e4ische-sektion-AEI-2.jpg\"><img decoding=\"async\" loading=\"lazy\" class=\"  wp-image-847 alignnone\" src=\"http:\/\/www.fasokele.org\/wp-content\/uploads\/2016\/10\/intervention-europ\u00e4ische-sektion-AEI-2-1024x768.jpg\" alt=\"intervention-europaeische-sektion-aei-2\" width=\"147\" height=\"110\" srcset=\"https:\/\/fasokele.org\/wp-content\/uploads\/2016\/10\/intervention-europ\u00e4ische-sektion-AEI-2-1024x768.jpg 1024w, https:\/\/fasokele.org\/wp-content\/uploads\/2016\/10\/intervention-europ\u00e4ische-sektion-AEI-2-300x225.jpg 300w, https:\/\/fasokele.org\/wp-content\/uploads\/2016\/10\/intervention-europ\u00e4ische-sektion-AEI-2.jpg 1037w\" sizes=\"(max-width: 147px) 100vw, 147px\" \/><\/a> <a href=\"http:\/\/www.fasokele.org\/wp-content\/uploads\/2016\/10\/jolie-publique-1.jpg\"><img decoding=\"async\" loading=\"lazy\" class=\"  wp-image-846 alignnone\" src=\"http:\/\/www.fasokele.org\/wp-content\/uploads\/2016\/10\/intervention-europ\u00e4ische-sektion-AEI-1-1024x768.jpg\" alt=\"intervention-europaeische-sektion-aei-1\" width=\"146\" height=\"110\" srcset=\"https:\/\/fasokele.org\/wp-content\/uploads\/2016\/10\/intervention-europ\u00e4ische-sektion-AEI-1-1024x768.jpg 1024w, https:\/\/fasokele.org\/wp-content\/uploads\/2016\/10\/intervention-europ\u00e4ische-sektion-AEI-1-300x225.jpg 300w, https:\/\/fasokele.org\/wp-content\/uploads\/2016\/10\/intervention-europ\u00e4ische-sektion-AEI-1.jpg 1037w\" sizes=\"(max-width: 146px) 100vw, 146px\" \/> <img decoding=\"async\" loading=\"lazy\" class=\"  wp-image-848 alignnone\" src=\"http:\/\/www.fasokele.org\/wp-content\/uploads\/2016\/10\/jolie-publique-1-1024x768.jpg\" alt=\"jolie-publique-1\" width=\"149\" height=\"112\" srcset=\"https:\/\/fasokele.org\/wp-content\/uploads\/2016\/10\/jolie-publique-1-1024x768.jpg 1024w, https:\/\/fasokele.org\/wp-content\/uploads\/2016\/10\/jolie-publique-1-300x225.jpg 300w, https:\/\/fasokele.org\/wp-content\/uploads\/2016\/10\/jolie-publique-1.jpg 1037w\" sizes=\"(max-width: 149px) 100vw, 149px\" \/><\/a><\/p>\n<p lang=\"de-DE\" align=\"JUSTIFY\"><span style=\"font-family: Verdana,sans-serif;\"><span style=\"font-size: medium;\">Der zweite Tag des Festivals, der 06.02.2016, fand in dem Stadtviertel Dj\u00e9libougou statt, dem Sitz der malischen Sektion des transnationalem Netzwerk Afrique-Europe-Interact (AEI), einer Partnerorganisation und Mitveranstalter dieser Auflage des Festivals. Dieses Datum w\u00e4hlten wir um an das Bootsungl\u00fcck in Ceuta des vergangenen Jahres zu erinnern, wobei wir einen Akt der transnationalen Solidarit\u00e4t leisteten, gemeinsam mit Aktivisten in Rabat, Berlin und Barcelona.<\/span><\/span><\/p>\n<p lang=\"de-DE\" align=\"JUSTIFY\"><a href=\"http:\/\/www.fasokele.org\/wp-content\/uploads\/2016\/10\/Intervention-malische-sektion-AEI.jpg\"><img decoding=\"async\" loading=\"lazy\" class=\"  wp-image-860 alignnone\" src=\"http:\/\/www.fasokele.org\/wp-content\/uploads\/2016\/10\/Intervention-malische-sektion-AEI-1024x768.jpg\" alt=\"intervention-malische-sektion-aei\" width=\"198\" height=\"149\" srcset=\"https:\/\/fasokele.org\/wp-content\/uploads\/2016\/10\/Intervention-malische-sektion-AEI-1024x768.jpg 1024w, https:\/\/fasokele.org\/wp-content\/uploads\/2016\/10\/Intervention-malische-sektion-AEI-300x225.jpg 300w, https:\/\/fasokele.org\/wp-content\/uploads\/2016\/10\/Intervention-malische-sektion-AEI.jpg 1037w\" sizes=\"(max-width: 198px) 100vw, 198px\" \/><\/a> <a href=\"http:\/\/www.fasokele.org\/wp-content\/uploads\/2016\/10\/debatten-workshops-Bogolan-Ausstellung-2.jpg\"><img decoding=\"async\" loading=\"lazy\" class=\"  wp-image-859 alignnone\" src=\"http:\/\/www.fasokele.org\/wp-content\/uploads\/2016\/10\/debatten-workshops-Bogolan-Ausstellung-2-1024x768.jpg\" alt=\"debatten-workshops-bogolan-ausstellung-2\" width=\"198\" height=\"149\" srcset=\"https:\/\/fasokele.org\/wp-content\/uploads\/2016\/10\/debatten-workshops-Bogolan-Ausstellung-2-1024x768.jpg 1024w, https:\/\/fasokele.org\/wp-content\/uploads\/2016\/10\/debatten-workshops-Bogolan-Ausstellung-2-300x225.jpg 300w, https:\/\/fasokele.org\/wp-content\/uploads\/2016\/10\/debatten-workshops-Bogolan-Ausstellung-2.jpg 1037w\" sizes=\"(max-width: 198px) 100vw, 198px\" \/><\/a> <a href=\"http:\/\/www.fasokele.org\/wp-content\/uploads\/2016\/10\/debatten-workshops-Bogolan-Ausstellung-1.jpg\"><img decoding=\"async\" loading=\"lazy\" class=\"  wp-image-858 alignnone\" src=\"http:\/\/www.fasokele.org\/wp-content\/uploads\/2016\/10\/debatten-workshops-Bogolan-Ausstellung-1-1024x768.jpg\" alt=\"debatten-workshops-bogolan-ausstellung-1\" width=\"200\" height=\"150\" srcset=\"https:\/\/fasokele.org\/wp-content\/uploads\/2016\/10\/debatten-workshops-Bogolan-Ausstellung-1-1024x768.jpg 1024w, https:\/\/fasokele.org\/wp-content\/uploads\/2016\/10\/debatten-workshops-Bogolan-Ausstellung-1-300x225.jpg 300w, https:\/\/fasokele.org\/wp-content\/uploads\/2016\/10\/debatten-workshops-Bogolan-Ausstellung-1.jpg 1037w\" sizes=\"(max-width: 200px) 100vw, 200px\" \/><\/a><\/p>\n<p lang=\"de-DE\" align=\"JUSTIFY\"><span style=\"font-family: Verdana,sans-serif;\"><span style=\"font-size: medium;\">Am 07.02.2016 fanden sich die Festival-Besucher und -Besucherinnen in Samaya wieder, ein Dorf nahe der Hauptstadt Bamako und Wohnort von Faso Kele.<\/span><\/span><\/p>\n<p lang=\"de-DE\" align=\"JUSTIFY\"><span style=\"font-family: Verdana,sans-serif;\"><span style=\"font-size: medium;\">Entsprechend fand die 5. Auflage unseres Festivals in drei verschiedenen Gemeinden von Bamako statt.<\/span><\/span><\/p>\n<p lang=\"de-DE\" align=\"JUSTIFY\"><a href=\"http:\/\/www.fasokele.org\/wp-content\/uploads\/2016\/10\/Bogolan-Auststellung-1.jpg\"><img decoding=\"async\" loading=\"lazy\" class=\"  wp-image-861 alignnone\" src=\"http:\/\/www.fasokele.org\/wp-content\/uploads\/2016\/10\/Bogolan-Auststellung-1-1024x768.jpg\" alt=\"bogolan-auststellung-1\" width=\"297\" height=\"223\" srcset=\"https:\/\/fasokele.org\/wp-content\/uploads\/2016\/10\/Bogolan-Auststellung-1-1024x768.jpg 1024w, https:\/\/fasokele.org\/wp-content\/uploads\/2016\/10\/Bogolan-Auststellung-1-300x225.jpg 300w, https:\/\/fasokele.org\/wp-content\/uploads\/2016\/10\/Bogolan-Auststellung-1.jpg 1037w\" sizes=\"(max-width: 297px) 100vw, 297px\" \/><\/a> <a href=\"http:\/\/www.fasokele.org\/wp-content\/uploads\/2016\/10\/Bogolan-Auststellung-2.jpg\"><img decoding=\"async\" loading=\"lazy\" class=\"  wp-image-862 alignnone\" src=\"http:\/\/www.fasokele.org\/wp-content\/uploads\/2016\/10\/Bogolan-Auststellung-2-1024x768.jpg\" alt=\"bogolan-auststellung-2\" width=\"300\" height=\"225\" srcset=\"https:\/\/fasokele.org\/wp-content\/uploads\/2016\/10\/Bogolan-Auststellung-2-1024x768.jpg 1024w, https:\/\/fasokele.org\/wp-content\/uploads\/2016\/10\/Bogolan-Auststellung-2-300x225.jpg 300w, https:\/\/fasokele.org\/wp-content\/uploads\/2016\/10\/Bogolan-Auststellung-2.jpg 1037w\" sizes=\"(max-width: 300px) 100vw, 300px\" \/><\/a><\/p>\n<p lang=\"de-DE\" align=\"JUSTIFY\"><span style=\"font-family: Verdana,sans-serif;\"><span style=\"font-size: medium;\">Die drei Tage des Austausches waren gef\u00fcllt mit dem gegenseitigen Verst\u00e4ndnis f\u00fcreinander. Die Teilnehmerinnen unseres Bogolan-Workshops waren die Frauen von Kolikoro, unter der Leitung von Mama Awa der Vereinigung von Witwen und Waisen.<\/span><\/span><\/p>\n<p lang=\"de-DE\" align=\"JUSTIFY\"><a href=\"http:\/\/www.fasokele.org\/wp-content\/uploads\/2016\/10\/debatten-workshops-1.jpg\"><img decoding=\"async\" loading=\"lazy\" class=\"  wp-image-863 alignnone\" src=\"http:\/\/www.fasokele.org\/wp-content\/uploads\/2016\/10\/debatten-workshops-1-1024x768.jpg\" alt=\"debatten-workshops-1\" width=\"197\" height=\"148\" srcset=\"https:\/\/fasokele.org\/wp-content\/uploads\/2016\/10\/debatten-workshops-1-1024x768.jpg 1024w, https:\/\/fasokele.org\/wp-content\/uploads\/2016\/10\/debatten-workshops-1-300x225.jpg 300w, https:\/\/fasokele.org\/wp-content\/uploads\/2016\/10\/debatten-workshops-1.jpg 1037w\" sizes=\"(max-width: 197px) 100vw, 197px\" \/><\/a> <a href=\"http:\/\/www.fasokele.org\/wp-content\/uploads\/2016\/10\/debatten-workshops-2.jpg\"><img decoding=\"async\" loading=\"lazy\" class=\"  wp-image-864 alignnone\" src=\"http:\/\/www.fasokele.org\/wp-content\/uploads\/2016\/10\/debatten-workshops-2-1024x768.jpg\" alt=\"debatten-workshops-2\" width=\"200\" height=\"150\" srcset=\"https:\/\/fasokele.org\/wp-content\/uploads\/2016\/10\/debatten-workshops-2-1024x768.jpg 1024w, https:\/\/fasokele.org\/wp-content\/uploads\/2016\/10\/debatten-workshops-2-300x225.jpg 300w, https:\/\/fasokele.org\/wp-content\/uploads\/2016\/10\/debatten-workshops-2.jpg 1037w\" sizes=\"(max-width: 200px) 100vw, 200px\" \/><\/a> <a href=\"http:\/\/www.fasokele.org\/wp-content\/uploads\/2016\/10\/debatten-workshops-3.jpg\"><img decoding=\"async\" loading=\"lazy\" class=\"  wp-image-865 alignnone\" src=\"http:\/\/www.fasokele.org\/wp-content\/uploads\/2016\/10\/debatten-workshops-3-1024x768.jpg\" alt=\"debatten-workshops-3\" width=\"200\" height=\"150\" srcset=\"https:\/\/fasokele.org\/wp-content\/uploads\/2016\/10\/debatten-workshops-3-1024x768.jpg 1024w, https:\/\/fasokele.org\/wp-content\/uploads\/2016\/10\/debatten-workshops-3-300x225.jpg 300w, https:\/\/fasokele.org\/wp-content\/uploads\/2016\/10\/debatten-workshops-3.jpg 1037w\" sizes=\"(max-width: 200px) 100vw, 200px\" \/><\/a><\/p>\n<p lang=\"de-DE\" align=\"JUSTIFY\"><span style=\"font-family: Verdana,sans-serif;\"><span style=\"font-size: medium;\">Die Stimmung und das Ambiente des Festivals best\u00e4rkte uns und die anderen Delegierten aus verschiedenen D\u00f6rfern, wie Kolikoro, Kita, Sanamadougou und Sahou, in unseren sozialen, politischen und \u00f6kologischen K\u00e4mpfen. Besonders die Teilnehmer*innen der zwei zuletzt genannten D\u00f6rfer sind ebenfalls erschienen, um die Gelegenheit des Festivals zu nutzen, um deren Betroffenheit von Landraub sowie deren daraus resultierende miserable Lage zu schildern und ihre Rechte einzufordern. Dies war eine willkommene Intervention, denn auch wir engagieren uns f\u00fcr einen gerechten Austausch, f\u00fcr eine vegetarische Ern\u00e4hrungsweise, f\u00fcr eine Kultur guter Verhaltensweisen und vor allem die Einforderung von globaler sozialer Gerechtigkeit. <\/span><\/span><\/p>\n<p lang=\"de-DE\" align=\"JUSTIFY\"><span style=\"font-family: Verdana,sans-serif;\"><span style=\"font-size: medium;\">Das ist auch der Grund, weshalb wir Ende 2015 an der 11. Auflage des \u201eForum des peuples\u201c (Volksforum) in Siby, Mali teilgenommen haben. Mit einem hohen Grad an Aufmerksamkeit trugen wir am 6. Dezember 2015 solidarisch an einer \u00f6ffentlichen Demonstration und Abschlusskundgebung bei. Die Themen des Forums waren: Frieden, Sicherheit und Klimawandel.<\/span><\/span><\/p>\n<p lang=\"de-DE\" align=\"JUSTIFY\"><span style=\"font-family: Verdana,sans-serif;\"><span style=\"font-size: medium;\">Am 19. desselben Monats nahmen wir an einer Versammlung in Kita teil, die von AEI anl\u00e4sslich zweier Bootsungl\u00fccke an der libyschen K\u00fcste organisiert wurde. Viele von uns fanden dabei den Tod, mehr als 1.200 Personen.<\/span><\/span><\/p>\n<p lang=\"de-DE\" align=\"JUSTIFY\"><span style=\"font-family: Verdana,sans-serif;\"><span style=\"font-size: medium;\">Mit der malischen Zivilbev\u00f6lkerung waren wir in einer Debatte \u00fcber die Besch\u00e4ftigung von Jugendlichen in neuen Arbeitsfeldern, wie z.B. den Umweltschutz; und der Direktor von CAD Mali (Koalition der afrikanischen Alternativen Schulden und Entwicklung) unterst\u00fctzt das Projekt eines Gr\u00fcnstreifens in der W\u00fcste, ein gigantisches Projekt, welches die zuk\u00fcnftigen Generationen in Bezug auf Gr\u00fcnfl\u00e4chen retten kann.<\/span><\/span><\/p>\n<p align=\"JUSTIFY\"><span style=\"font-family: Verdana,sans-serif;\"><span style=\"font-size: medium;\"><span lang=\"de-DE\"><a href=\"http:\/\/www.fasokele.org\/wp-content\/uploads\/2016\/10\/d\u00e9legation-burkinab\u00e9.jpg\"><img decoding=\"async\" loading=\"lazy\" class=\"  wp-image-866 alignleft\" src=\"http:\/\/www.fasokele.org\/wp-content\/uploads\/2016\/10\/d\u00e9legation-burkinab\u00e9-1024x768.jpg\" alt=\"delegation-burkinabe\" width=\"238\" height=\"178\" srcset=\"https:\/\/fasokele.org\/wp-content\/uploads\/2016\/10\/d\u00e9legation-burkinab\u00e9-1024x768.jpg 1024w, https:\/\/fasokele.org\/wp-content\/uploads\/2016\/10\/d\u00e9legation-burkinab\u00e9-300x225.jpg 300w, https:\/\/fasokele.org\/wp-content\/uploads\/2016\/10\/d\u00e9legation-burkinab\u00e9.jpg 1037w\" sizes=\"(max-width: 238px) 100vw, 238px\" \/><\/a>Auch die burkinische Zivilgesellschaft war beim Festival \u201eWelt ohne Grenzen\u201c, durch die juristische Person \u201eBalai citoyen\u201c (B\u00fcrger-Besen) vertreten. Am Abend des zweiten Tages zeigt<\/span><\/span><\/span><span style=\"font-family: Verdana,sans-serif;\"><span style=\"font-size: medium;\"><span lang=\"de-DE\">en wir den Film \u201eRevolution mit blo\u00dfen H\u00e4nden\u201c von Hans Georg Erbel et Moussa Ou\u00e9draogo, Aktivisten von AEI. Dabei f\u00fchlten wir uns wieder betroffen, denn als wir 2012\/13 in Burkina Faso lebten, konnten wir die kommenden Demonstrationen voraussehen und erkannten, dass die Bev\u00f6lkerung am Rand des Abgrundes steht. Aber schau, das Volk befreit sich!<\/span><\/span><\/span><\/p>\n<p lang=\"de-DE\" align=\"JUSTIFY\"><span style=\"font-family: Verdana,sans-serif;\"><span style=\"font-size: medium;\">Wir glauben aufrichtig und f\u00fcr immer, dass Kunst ein exzellentes Mittel f\u00fcr ein besseres soziales Miteinander ist und das kein Fehlschlag Schatten auf das positive und kollektive Denken innerhalb einer Gemeinschaft werfen darf.<\/span><\/span><\/p>\n<p lang=\"de-DE\" align=\"JUSTIFY\"><span style=\"font-family: Verdana,sans-serif;\"><span style=\"font-size: medium;\">Die sechste Auflage des Festivals \u201eWelt ohne Grenzen\u201c ist in Vorbereitung.<\/span><\/span><\/p>\n<p><a href=\"https:\/\/youtu.be\/VevfuA5rcig\">https:\/\/youtu.be\/VevfuA5rcig<\/a><\/p>","protected":false},"excerpt":{"rendered":"<p>Seit nunmehr 5 Jahren organisieren wir unser Festival \u201eWelt ohne Grenzen\u201c. So zelebrierten wir es auch dieses Jahr in Malis Hauptstadt Bamako. Bereits Mitte Januar laufen die Aktivit\u00e4ten auf Hochtouren. So fand am 15. Januar 2016 eine Pressekonferenz statt, um das Festival vorzustellen und zu bewerben. Mit dabei waren folgende schriftlichen und audiovisuellen Medien: ORTM &hellip; <a href=\"https:\/\/fasokele.org\/?page_id=843\" class=\"more-link\"><span class=\"screen-reader-text\">2016<\/span> weiterlesen <span class=\"meta-nav\">&rarr;<\/span><\/a><\/p>\n","protected":false},"author":1,"featured_media":0,"parent":46,"menu_order":2,"comment_status":"closed","ping_status":"closed","template":"","meta":[],"_links":{"self":[{"href":"https:\/\/fasokele.org\/index.php?rest_route=\/wp\/v2\/pages\/843"}],"collection":[{"href":"https:\/\/fasokele.org\/index.php?rest_route=\/wp\/v2\/pages"}],"about":[{"href":"https:\/\/fasokele.org\/index.php?rest_route=\/wp\/v2\/types\/page"}],"author":[{"embeddable":true,"href":"https:\/\/fasokele.org\/index.php?rest_route=\/wp\/v2\/users\/1"}],"replies":[{"embeddable":true,"href":"https:\/\/fasokele.org\/index.php?rest_route=%2Fwp%2Fv2%2Fcomments&post=843"}],"version-history":[{"count":5,"href":"https:\/\/fasokele.org\/index.php?rest_route=\/wp\/v2\/pages\/843\/revisions"}],"predecessor-version":[{"id":870,"href":"https:\/\/fasokele.org\/index.php?rest_route=\/wp\/v2\/pages\/843\/revisions\/870"}],"up":[{"embeddable":true,"href":"https:\/\/fasokele.org\/index.php?rest_route=\/wp\/v2\/pages\/46"}],"wp:attachment":[{"href":"https:\/\/fasokele.org\/index.php?rest_route=%2Fwp%2Fv2%2Fmedia&parent=843"}],"curies":[{"name":"wp","href":"https:\/\/api.w.org\/{rel}","templated":true}]}}