{"id":906,"date":"2017-06-20T09:59:46","date_gmt":"2017-06-20T09:59:46","guid":{"rendered":"http:\/\/www.fasokele.org\/?page_id=906"},"modified":"2017-06-20T19:40:14","modified_gmt":"2017-06-20T19:40:14","slug":"2017-2","status":"publish","type":"page","link":"https:\/\/fasokele.org\/?page_id=906","title":{"rendered":"2017"},"content":{"rendered":"<p><\/p>\n<p lang=\"fr-FR\" align=\"JUSTIFY\"><a href=\"http:\/\/www.fasokele.org\/wp-content\/uploads\/2017\/06\/podium.jpg\" target=\"_blank\"><img decoding=\"async\" loading=\"lazy\" class=\"aligncenter size-full wp-image-908\" src=\"http:\/\/www.fasokele.org\/wp-content\/uploads\/2017\/06\/podium.jpg\" alt=\"podium\" width=\"980\" height=\"735\" srcset=\"https:\/\/fasokele.org\/wp-content\/uploads\/2017\/06\/podium.jpg 980w, https:\/\/fasokele.org\/wp-content\/uploads\/2017\/06\/podium-300x225.jpg 300w\" sizes=\"(max-width: 980px) 100vw, 980px\" \/><\/a><\/p>\n<p lang=\"fr-FR\" align=\"JUSTIFY\"><span style=\"font-family: Verdana,sans-serif;\">Diese 6. Auflage unseres Festivals \u201eWelt ohne Grenzen\u201c fand am 27., 28. und 29. Januar in der Regionsstadt Kindia in Guinea (Conakry) statt, und wurde in Kooperation mit der lokalen Vereinigung f\u00fcr kulturelle, sportliche und touristische Aktivit\u00e4ten \u201eSamaya-Rando\u201c und mit solidarischer Unterst\u00fctzung von dem transnationalen Netzwerk \u201eAfrique-Europe-Intercat\u201c (AEI) organisiert.<\/span><\/p>\n<p lang=\"fr-FR\" align=\"JUSTIFY\"><a href=\"http:\/\/www.fasokele.org\/wp-content\/uploads\/2017\/06\/alibaba-en-danse.jpg\" target=\"_blank\"><img decoding=\"async\" loading=\"lazy\" class=\"  wp-image-910 alignnone\" src=\"http:\/\/www.fasokele.org\/wp-content\/uploads\/2017\/06\/alibaba-en-danse.jpg\" alt=\"alibaba en danse\" width=\"220\" height=\"165\" srcset=\"https:\/\/fasokele.org\/wp-content\/uploads\/2017\/06\/alibaba-en-danse.jpg 980w, https:\/\/fasokele.org\/wp-content\/uploads\/2017\/06\/alibaba-en-danse-300x225.jpg 300w\" sizes=\"(max-width: 220px) 100vw, 220px\" \/><\/a> <a href=\"http:\/\/www.fasokele.org\/wp-content\/uploads\/2017\/06\/animateur.jpg\"><img decoding=\"async\" loading=\"lazy\" class=\"  wp-image-911 alignnone\" src=\"http:\/\/www.fasokele.org\/wp-content\/uploads\/2017\/06\/animateur.jpg\" alt=\"animateur\" width=\"218\" height=\"164\" srcset=\"https:\/\/fasokele.org\/wp-content\/uploads\/2017\/06\/animateur.jpg 980w, https:\/\/fasokele.org\/wp-content\/uploads\/2017\/06\/animateur-300x225.jpg 300w\" sizes=\"(max-width: 218px) 100vw, 218px\" \/><\/a> <a href=\"http:\/\/www.fasokele.org\/wp-content\/uploads\/2017\/06\/acrobates.jpg\"><img decoding=\"async\" loading=\"lazy\" class=\"  wp-image-909 alignnone\" src=\"http:\/\/www.fasokele.org\/wp-content\/uploads\/2017\/06\/acrobates-686x1024.jpg\" alt=\"acrobates\" width=\"154\" height=\"230\" srcset=\"https:\/\/fasokele.org\/wp-content\/uploads\/2017\/06\/acrobates-686x1024.jpg 686w, https:\/\/fasokele.org\/wp-content\/uploads\/2017\/06\/acrobates-201x300.jpg 201w, https:\/\/fasokele.org\/wp-content\/uploads\/2017\/06\/acrobates.jpg 778w\" sizes=\"(max-width: 154px) 100vw, 154px\" \/><\/a> <a href=\"http:\/\/www.fasokele.org\/wp-content\/uploads\/2017\/06\/chewingam.jpg\"><img decoding=\"async\" loading=\"lazy\" class=\"  wp-image-912 alignnone\" src=\"http:\/\/www.fasokele.org\/wp-content\/uploads\/2017\/06\/chewingam-686x1024.jpg\" alt=\"chewingam\" width=\"239\" height=\"357\" srcset=\"https:\/\/fasokele.org\/wp-content\/uploads\/2017\/06\/chewingam-686x1024.jpg 686w, https:\/\/fasokele.org\/wp-content\/uploads\/2017\/06\/chewingam-201x300.jpg 201w, https:\/\/fasokele.org\/wp-content\/uploads\/2017\/06\/chewingam.jpg 778w\" sizes=\"(max-width: 239px) 100vw, 239px\" \/><\/a> <a href=\"http:\/\/www.fasokele.org\/wp-content\/uploads\/2017\/06\/Fasokele1.jpg\"><img decoding=\"async\" loading=\"lazy\" class=\"  wp-image-913 alignnone\" src=\"http:\/\/www.fasokele.org\/wp-content\/uploads\/2017\/06\/Fasokele1.jpg\" alt=\"Fasokele1\" width=\"360\" height=\"270\" srcset=\"https:\/\/fasokele.org\/wp-content\/uploads\/2017\/06\/Fasokele1.jpg 980w, https:\/\/fasokele.org\/wp-content\/uploads\/2017\/06\/Fasokele1-300x225.jpg 300w\" sizes=\"(max-width: 360px) 100vw, 360px\" \/><\/a> <a href=\"http:\/\/www.fasokele.org\/wp-content\/uploads\/2017\/06\/groupe-theatral-des-beaux-arts1.jpg\"><img decoding=\"async\" loading=\"lazy\" class=\"  wp-image-914 alignnone\" src=\"http:\/\/www.fasokele.org\/wp-content\/uploads\/2017\/06\/groupe-theatral-des-beaux-arts1.jpg\" alt=\"groupe theatral des beaux arts1\" width=\"282\" height=\"212\" srcset=\"https:\/\/fasokele.org\/wp-content\/uploads\/2017\/06\/groupe-theatral-des-beaux-arts1.jpg 980w, https:\/\/fasokele.org\/wp-content\/uploads\/2017\/06\/groupe-theatral-des-beaux-arts1-300x225.jpg 300w\" sizes=\"(max-width: 282px) 100vw, 282px\" \/><\/a> <a href=\"http:\/\/www.fasokele.org\/wp-content\/uploads\/2017\/06\/groupe-theatral-des-beaux-arts2.jpg\"><img decoding=\"async\" loading=\"lazy\" class=\"  wp-image-915 alignnone\" src=\"http:\/\/www.fasokele.org\/wp-content\/uploads\/2017\/06\/groupe-theatral-des-beaux-arts2.jpg\" alt=\"groupe theatral des beaux arts2\" width=\"318\" height=\"239\" srcset=\"https:\/\/fasokele.org\/wp-content\/uploads\/2017\/06\/groupe-theatral-des-beaux-arts2.jpg 980w, https:\/\/fasokele.org\/wp-content\/uploads\/2017\/06\/groupe-theatral-des-beaux-arts2-300x225.jpg 300w\" sizes=\"(max-width: 318px) 100vw, 318px\" \/><\/a><\/p>\n<p lang=\"fr-FR\" align=\"JUSTIFY\"><span style=\"font-family: Verdana,sans-serif;\">W\u00e4hrend der drei Festivaltage, die auf dem \u00f6ffentlichen \u201eplace de martyres\u201c verortet waren, gab es Theaterst\u00fccke, reichhaltige musikalische Darbietungen, Choreografien zeitgen\u00f6ssischen Tanzes, akrobatische Spektakel und eine Ausstellung der nat\u00fcrlichen F\u00e4rbeweise \u201eBogolan\u201c und k\u00fcnstlerisch gefertigten Lampen aus Kalebasse. <\/span><\/p>\n<p lang=\"fr-FR\" align=\"JUSTIFY\"><a href=\"http:\/\/www.fasokele.org\/wp-content\/uploads\/2017\/06\/animateur-et-fasokele.jpg\" target=\"_blank\"><img decoding=\"async\" loading=\"lazy\" class=\"  wp-image-917 alignnone\" src=\"http:\/\/www.fasokele.org\/wp-content\/uploads\/2017\/06\/animateur-et-fasokele-1024x768.jpg\" alt=\"animateur et fasokele\" width=\"289\" height=\"217\" srcset=\"https:\/\/fasokele.org\/wp-content\/uploads\/2017\/06\/animateur-et-fasokele-1024x768.jpg 1024w, https:\/\/fasokele.org\/wp-content\/uploads\/2017\/06\/animateur-et-fasokele-300x225.jpg 300w, https:\/\/fasokele.org\/wp-content\/uploads\/2017\/06\/animateur-et-fasokele.jpg 1037w\" sizes=\"(max-width: 289px) 100vw, 289px\" \/><\/a><a href=\"http:\/\/www.fasokele.org\/wp-content\/uploads\/2017\/06\/techniciens.jpg\"><img decoding=\"async\" loading=\"lazy\" class=\"  wp-image-922 alignright\" src=\"http:\/\/www.fasokele.org\/wp-content\/uploads\/2017\/06\/techniciens.jpg\" alt=\"techniciens\" width=\"291\" height=\"219\" srcset=\"https:\/\/fasokele.org\/wp-content\/uploads\/2017\/06\/techniciens.jpg 980w, https:\/\/fasokele.org\/wp-content\/uploads\/2017\/06\/techniciens-300x225.jpg 300w\" sizes=\"(max-width: 291px) 100vw, 291px\" \/><\/a><\/p>\n<p lang=\"fr-FR\" align=\"JUSTIFY\"><a href=\"http:\/\/www.fasokele.org\/wp-content\/uploads\/2017\/06\/Fasokele2.jpg\"><img decoding=\"async\" loading=\"lazy\" class=\"  wp-image-918 alignnone\" src=\"http:\/\/www.fasokele.org\/wp-content\/uploads\/2017\/06\/Fasokele2.jpg\" alt=\"Fasokele2\" width=\"197\" height=\"148\" srcset=\"https:\/\/fasokele.org\/wp-content\/uploads\/2017\/06\/Fasokele2.jpg 980w, https:\/\/fasokele.org\/wp-content\/uploads\/2017\/06\/Fasokele2-300x225.jpg 300w\" sizes=\"(max-width: 197px) 100vw, 197px\" \/><\/a> <a href=\"http:\/\/www.fasokele.org\/wp-content\/uploads\/2017\/06\/Fasokele3.jpg\"><img decoding=\"async\" loading=\"lazy\" class=\"  wp-image-919 alignnone\" src=\"http:\/\/www.fasokele.org\/wp-content\/uploads\/2017\/06\/Fasokele3.jpg\" alt=\"Fasokele3\" width=\"193\" height=\"145\" srcset=\"https:\/\/fasokele.org\/wp-content\/uploads\/2017\/06\/Fasokele3.jpg 980w, https:\/\/fasokele.org\/wp-content\/uploads\/2017\/06\/Fasokele3-300x225.jpg 300w\" sizes=\"(max-width: 193px) 100vw, 193px\" \/><\/a> <a href=\"http:\/\/www.fasokele.org\/wp-content\/uploads\/2017\/06\/Fasokele5.jpg\"><img decoding=\"async\" loading=\"lazy\" class=\"  wp-image-920 alignnone\" src=\"http:\/\/www.fasokele.org\/wp-content\/uploads\/2017\/06\/Fasokele5.jpg\" alt=\"Fasokele5\" width=\"201\" height=\"151\" srcset=\"https:\/\/fasokele.org\/wp-content\/uploads\/2017\/06\/Fasokele5.jpg 980w, https:\/\/fasokele.org\/wp-content\/uploads\/2017\/06\/Fasokele5-300x225.jpg 300w\" sizes=\"(max-width: 201px) 100vw, 201px\" \/><\/a><\/p>\n<p lang=\"fr-FR\" align=\"JUSTIFY\"><a href=\"http:\/\/www.fasokele.org\/wp-content\/uploads\/2017\/06\/alibaba.jpg\"><img decoding=\"async\" loading=\"lazy\" class=\"  wp-image-916 alignnone\" src=\"http:\/\/www.fasokele.org\/wp-content\/uploads\/2017\/06\/alibaba.jpg\" alt=\"alibaba\" width=\"300\" height=\"400\" srcset=\"https:\/\/fasokele.org\/wp-content\/uploads\/2017\/06\/alibaba.jpg 735w, https:\/\/fasokele.org\/wp-content\/uploads\/2017\/06\/alibaba-225x300.jpg 225w\" sizes=\"(max-width: 300px) 100vw, 300px\" \/><\/a> <a href=\"http:\/\/www.fasokele.org\/wp-content\/uploads\/2017\/06\/melodie.jpg\"><img decoding=\"async\" loading=\"lazy\" class=\"  wp-image-921 alignnone\" src=\"http:\/\/www.fasokele.org\/wp-content\/uploads\/2017\/06\/melodie.jpg\" alt=\"melodie\" width=\"300\" height=\"400\" srcset=\"https:\/\/fasokele.org\/wp-content\/uploads\/2017\/06\/melodie.jpg 735w, https:\/\/fasokele.org\/wp-content\/uploads\/2017\/06\/melodie-225x300.jpg 225w\" sizes=\"(max-width: 300px) 100vw, 300px\" \/><\/a><\/p>\n<p><iframe loading=\"lazy\" title=\"Bambus guez\" width=\"474\" height=\"356\" src=\"https:\/\/www.youtube.com\/embed\/POEdy4wCV8g?feature=oembed\" frameborder=\"0\" allow=\"accelerometer; autoplay; clipboard-write; encrypted-media; gyroscope; picture-in-picture; web-share\" allowfullscreen><\/iframe><\/p>\n<p lang=\"fr-FR\" align=\"JUSTIFY\"><span style=\"font-family: Verdana,sans-serif;\">Am zweiten Tag wurde tags\u00fcber ein Ausflug zu den Wasserf\u00e4llen von Kelessi organisiert, was besonders wertvoll und interessant f\u00fcr den gemeinsamen Austausch unter den Festivalteilnehmenden war und au\u00dferdem zum Entspannen sowie gemeinsamen musizieren genutzt wurde, mit lokalen K\u00f6stlichkeiten wie Ananas, Papaya und Palmwein. W\u00e4hrend des Festivals wurde immer reichhaltig vegetarisch gekocht, was sich unter den Festivalteilnehmer_innen gro\u00dfer Beliebtheit erfreute.<\/span><\/p>\n<p lang=\"fr-FR\" align=\"JUSTIFY\"><a href=\"http:\/\/www.fasokele.org\/wp-content\/uploads\/2017\/06\/kelessi5.jpg\" target=\"_blank\"><img decoding=\"async\" loading=\"lazy\" class=\"aligncenter size-full wp-image-932\" src=\"http:\/\/www.fasokele.org\/wp-content\/uploads\/2017\/06\/kelessi5.jpg\" alt=\"kelessi5\" width=\"980\" height=\"735\" srcset=\"https:\/\/fasokele.org\/wp-content\/uploads\/2017\/06\/kelessi5.jpg 980w, https:\/\/fasokele.org\/wp-content\/uploads\/2017\/06\/kelessi5-300x225.jpg 300w\" sizes=\"(max-width: 980px) 100vw, 980px\" \/><\/a> <a href=\"http:\/\/www.fasokele.org\/wp-content\/uploads\/2017\/06\/kelessi2.jpg\"><img decoding=\"async\" loading=\"lazy\" class=\"  wp-image-929 alignnone\" src=\"http:\/\/www.fasokele.org\/wp-content\/uploads\/2017\/06\/kelessi2.jpg\" alt=\"kelessi2\" width=\"150\" height=\"112\" srcset=\"https:\/\/fasokele.org\/wp-content\/uploads\/2017\/06\/kelessi2.jpg 980w, https:\/\/fasokele.org\/wp-content\/uploads\/2017\/06\/kelessi2-300x225.jpg 300w\" sizes=\"(max-width: 150px) 100vw, 150px\" \/><\/a> <a href=\"http:\/\/www.fasokele.org\/wp-content\/uploads\/2017\/06\/kelessi1.jpg\"><img decoding=\"async\" loading=\"lazy\" class=\"  wp-image-928 alignnone\" src=\"http:\/\/www.fasokele.org\/wp-content\/uploads\/2017\/06\/kelessi1.jpg\" alt=\"kelessi1\" width=\"145\" height=\"109\" srcset=\"https:\/\/fasokele.org\/wp-content\/uploads\/2017\/06\/kelessi1.jpg 980w, https:\/\/fasokele.org\/wp-content\/uploads\/2017\/06\/kelessi1-300x225.jpg 300w\" sizes=\"(max-width: 145px) 100vw, 145px\" \/><\/a> <a href=\"http:\/\/www.fasokele.org\/wp-content\/uploads\/2017\/06\/kelessi3.jpg\"><img decoding=\"async\" loading=\"lazy\" class=\"  wp-image-930 alignnone\" src=\"http:\/\/www.fasokele.org\/wp-content\/uploads\/2017\/06\/kelessi3.jpg\" alt=\"kelessi3\" width=\"146\" height=\"110\" srcset=\"https:\/\/fasokele.org\/wp-content\/uploads\/2017\/06\/kelessi3.jpg 980w, https:\/\/fasokele.org\/wp-content\/uploads\/2017\/06\/kelessi3-300x225.jpg 300w\" sizes=\"(max-width: 146px) 100vw, 146px\" \/><\/a> <a href=\"http:\/\/www.fasokele.org\/wp-content\/uploads\/2017\/06\/kelessi4.jpg\"><img decoding=\"async\" loading=\"lazy\" class=\"  wp-image-931 alignnone\" src=\"http:\/\/www.fasokele.org\/wp-content\/uploads\/2017\/06\/kelessi4.jpg\" alt=\"kelessi4\" width=\"148\" height=\"111\" srcset=\"https:\/\/fasokele.org\/wp-content\/uploads\/2017\/06\/kelessi4.jpg 980w, https:\/\/fasokele.org\/wp-content\/uploads\/2017\/06\/kelessi4-300x225.jpg 300w\" sizes=\"(max-width: 148px) 100vw, 148px\" \/><\/a><\/p>\n<p lang=\"fr-FR\" align=\"JUSTIFY\"><a href=\"http:\/\/www.fasokele.org\/wp-content\/uploads\/2017\/06\/cuisine2.jpg\" target=\"_blank\"><img decoding=\"async\" loading=\"lazy\" class=\"aligncenter size-full wp-image-924\" src=\"http:\/\/www.fasokele.org\/wp-content\/uploads\/2017\/06\/cuisine2.jpg\" alt=\"cuisine2\" width=\"980\" height=\"735\" srcset=\"https:\/\/fasokele.org\/wp-content\/uploads\/2017\/06\/cuisine2.jpg 980w, https:\/\/fasokele.org\/wp-content\/uploads\/2017\/06\/cuisine2-300x225.jpg 300w\" sizes=\"(max-width: 980px) 100vw, 980px\" \/><\/a> <a href=\"http:\/\/www.fasokele.org\/wp-content\/uploads\/2017\/06\/cuisine3.jpg\"><img decoding=\"async\" loading=\"lazy\" class=\"  wp-image-925 alignnone\" src=\"http:\/\/www.fasokele.org\/wp-content\/uploads\/2017\/06\/cuisine3.jpg\" alt=\"cuisine3\" width=\"156\" height=\"208\" srcset=\"https:\/\/fasokele.org\/wp-content\/uploads\/2017\/06\/cuisine3.jpg 735w, https:\/\/fasokele.org\/wp-content\/uploads\/2017\/06\/cuisine3-225x300.jpg 225w\" sizes=\"(max-width: 156px) 100vw, 156px\" \/><\/a> <a href=\"http:\/\/www.fasokele.org\/wp-content\/uploads\/2017\/06\/cuisine5.jpg\"><img decoding=\"async\" loading=\"lazy\" class=\"  wp-image-927 alignnone\" src=\"http:\/\/www.fasokele.org\/wp-content\/uploads\/2017\/06\/cuisine5.jpg\" alt=\"cuisine5\" width=\"219\" height=\"165\" srcset=\"https:\/\/fasokele.org\/wp-content\/uploads\/2017\/06\/cuisine5.jpg 980w, https:\/\/fasokele.org\/wp-content\/uploads\/2017\/06\/cuisine5-300x225.jpg 300w\" sizes=\"(max-width: 219px) 100vw, 219px\" \/><\/a> <a href=\"http:\/\/www.fasokele.org\/wp-content\/uploads\/2017\/06\/cuisine4.jpg\"><img decoding=\"async\" loading=\"lazy\" class=\"  wp-image-926 alignnone\" src=\"http:\/\/www.fasokele.org\/wp-content\/uploads\/2017\/06\/cuisine4.jpg\" alt=\"cuisine4\" width=\"218\" height=\"163\" srcset=\"https:\/\/fasokele.org\/wp-content\/uploads\/2017\/06\/cuisine4.jpg 980w, https:\/\/fasokele.org\/wp-content\/uploads\/2017\/06\/cuisine4-300x225.jpg 300w\" sizes=\"(max-width: 218px) 100vw, 218px\" \/><\/a><\/p>\n<p lang=\"fr-FR\" align=\"JUSTIFY\"><span style=\"font-family: Verdana,sans-serif;\">Das Festival hatte neben den K\u00fcnstler_innen aus Kindia au\u00dferdem die Ehre K\u00fcnstler_innen aus Conakry willkommen zu hei\u00dfen, ebenso einen Repr\u00e4sentanten von Faso Kele aus Bamako (Mali), sowie zwei Mitgliedern von AEI aus der europ\u00e4ischen Sektion. Der gemeinsame Austausch w\u00e4hrend der Tage zwischen den Organisator_innen, eingeladenen K\u00fcnstler_innen und Festival-Besucher_innen fand h\u00e4ufig in kleinen Diskussionsrunden zu Themen statt, wie: die Problematik um die kleinen Plastikt\u00fcten, die \u00fcberall rumliegen und die Umwelt verschmutzen; Migration, eines der Hauptthemen (in) der Welt; der Platz der Jugendlichen und K\u00fcnstler_innen in der heutigen Gesellschaft. Das Festival hat sich au\u00dferdem zum Auftrag gemacht jungen talentierten K\u00fcnstlern und K\u00fcnstlerinnen ein Podium f\u00fcr deren k\u00fcnstlerische Ausdrucksformen zu \u00f6ffnen. <\/span><\/p>\n<p><iframe loading=\"lazy\" title=\"papito\" width=\"474\" height=\"356\" src=\"https:\/\/www.youtube.com\/embed\/m9RfXGoLtSI?feature=oembed\" frameborder=\"0\" allow=\"accelerometer; autoplay; clipboard-write; encrypted-media; gyroscope; picture-in-picture; web-share\" allowfullscreen><\/iframe><\/p>\n<p lang=\"fr-FR\" align=\"JUSTIFY\"><span style=\"font-family: Verdana,sans-serif;\">\u00ab\u00a0Welt ohne Grenzen\u00a0\u00bb versucht mit Toleranz die pers\u00f6nlichen Grenzen zu \u00fcberwinden, um sich zusammenzuschlie\u00dfen als eine Einheit und ein gemeinsames Verstehen zu schaffen, welches immer einen gerechten Ma\u00dfstab besitzt.<\/span><\/p>\n<p lang=\"fr-FR\" align=\"JUSTIFY\"><a href=\"http:\/\/www.fasokele.org\/wp-content\/uploads\/2017\/06\/photo-des-artistes1.jpg\" target=\"_blank\"><img decoding=\"async\" loading=\"lazy\" class=\" wp-image-933  alignnone\" src=\"http:\/\/www.fasokele.org\/wp-content\/uploads\/2017\/06\/photo-des-artistes1-e1497952171475.jpg\" alt=\"photo des artistes1\" width=\"268\" height=\"249\" srcset=\"https:\/\/fasokele.org\/wp-content\/uploads\/2017\/06\/photo-des-artistes1-e1497952171475.jpg 776w, https:\/\/fasokele.org\/wp-content\/uploads\/2017\/06\/photo-des-artistes1-e1497952171475-300x279.jpg 300w\" sizes=\"(max-width: 268px) 100vw, 268px\" \/> <\/a><a href=\"http:\/\/www.fasokele.org\/wp-content\/uploads\/2017\/06\/photo-des-artistes2.jpg\"><img decoding=\"async\" loading=\"lazy\" class=\"  wp-image-934 alignnone\" src=\"http:\/\/www.fasokele.org\/wp-content\/uploads\/2017\/06\/photo-des-artistes2-1024x768.jpg\" alt=\"photo des artistes2\" width=\"332\" height=\"249\" srcset=\"https:\/\/fasokele.org\/wp-content\/uploads\/2017\/06\/photo-des-artistes2-1024x768.jpg 1024w, https:\/\/fasokele.org\/wp-content\/uploads\/2017\/06\/photo-des-artistes2-300x225.jpg 300w, https:\/\/fasokele.org\/wp-content\/uploads\/2017\/06\/photo-des-artistes2.jpg 1037w\" sizes=\"(max-width: 332px) 100vw, 332px\" \/><\/a><\/p>\n<p><iframe loading=\"lazy\" title=\"Eldorado\" width=\"474\" height=\"356\" src=\"https:\/\/www.youtube.com\/embed\/5GZbKnOlPRs?feature=oembed\" frameborder=\"0\" allow=\"accelerometer; autoplay; clipboard-write; encrypted-media; gyroscope; picture-in-picture; web-share\" allowfullscreen><\/iframe><\/p>\n<p lang=\"fr-FR\" align=\"JUSTIFY\"><span style=\"font-family: Verdana,sans-serif;\">Das vorwiegend junge Publikum war hellauf begeistert von dem reichhaltigen Programm und der Initiative dieses kostenlosen Festivals, es verfolgte aufmerksam die Botschaften der K\u00fcnstler*innen und beteiligte sich an der ausgelassenen Stimmung.<\/span><\/p>\n<p><iframe loading=\"lazy\" title=\"fanta\" width=\"474\" height=\"356\" src=\"https:\/\/www.youtube.com\/embed\/192THrcGUrg?feature=oembed\" frameborder=\"0\" allow=\"accelerometer; autoplay; clipboard-write; encrypted-media; gyroscope; picture-in-picture; web-share\" allowfullscreen><\/iframe><\/p>\n<p lang=\"fr-FR\" align=\"JUSTIFY\"><span style=\"font-family: Verdana,sans-serif;\">Der letzte Festival-Tag wurde vor allem auch daf\u00fcr genutzt, um allen Interessierten das \u00f6kologische K\u00fcnstler_innen-Dorf zu zeigen, womit Faso Kele zur Zeit im Aufbau besch\u00e4ftigt ist und welches ungef\u00e4hr 23 km von Kindia entfernt liegt. Hier soll im Januar 2018 die 7. Auflage des Festivals \u201eWelt ohne Grenzen\u201c stattfinden.<\/span><\/p>\n<p lang=\"fr-FR\" align=\"JUSTIFY\"><span style=\"font-family: Verdana,sans-serif;\">Wir bedanken uns bei allen Teilnehmenden und sind ihnen mit gro\u00dfem Respekt verbunden.<\/span><\/p>\n<p lang=\"fr-FR\" align=\"JUSTIFY\"><a href=\"https:\/\/www.flickr.com\/photos\/95137926@N08\/33006427801\/in\/album-72157677257834974\/\" target=\"_blank\">Hier<\/a> gibts noch weitere Fotos vom Festival.<\/p>\n<p><\/p>","protected":false},"excerpt":{"rendered":"<p>Diese 6. Auflage unseres Festivals \u201eWelt ohne Grenzen\u201c fand am 27., 28. und 29. Januar in der Regionsstadt Kindia in Guinea (Conakry) statt, und wurde in Kooperation mit der lokalen Vereinigung f\u00fcr kulturelle, sportliche und touristische Aktivit\u00e4ten \u201eSamaya-Rando\u201c und mit solidarischer Unterst\u00fctzung von dem transnationalen Netzwerk \u201eAfrique-Europe-Intercat\u201c (AEI) organisiert. W\u00e4hrend der drei Festivaltage, die auf &hellip; <a href=\"https:\/\/fasokele.org\/?page_id=906\" class=\"more-link\"><span class=\"screen-reader-text\">2017<\/span> weiterlesen <span class=\"meta-nav\">&rarr;<\/span><\/a><\/p>\n","protected":false},"author":1,"featured_media":0,"parent":0,"menu_order":0,"comment_status":"closed","ping_status":"closed","template":"","meta":[],"_links":{"self":[{"href":"https:\/\/fasokele.org\/index.php?rest_route=\/wp\/v2\/pages\/906"}],"collection":[{"href":"https:\/\/fasokele.org\/index.php?rest_route=\/wp\/v2\/pages"}],"about":[{"href":"https:\/\/fasokele.org\/index.php?rest_route=\/wp\/v2\/types\/page"}],"author":[{"embeddable":true,"href":"https:\/\/fasokele.org\/index.php?rest_route=\/wp\/v2\/users\/1"}],"replies":[{"embeddable":true,"href":"https:\/\/fasokele.org\/index.php?rest_route=%2Fwp%2Fv2%2Fcomments&post=906"}],"version-history":[{"count":5,"href":"https:\/\/fasokele.org\/index.php?rest_route=\/wp\/v2\/pages\/906\/revisions"}],"predecessor-version":[{"id":940,"href":"https:\/\/fasokele.org\/index.php?rest_route=\/wp\/v2\/pages\/906\/revisions\/940"}],"wp:attachment":[{"href":"https:\/\/fasokele.org\/index.php?rest_route=%2Fwp%2Fv2%2Fmedia&parent=906"}],"curies":[{"name":"wp","href":"https:\/\/api.w.org\/{rel}","templated":true}]}}